{"id":425,"date":"2024-06-30T19:22:39","date_gmt":"2024-06-30T16:22:39","guid":{"rendered":"https:\/\/sumerspot.com\/ikinciel\/?post_type=product&#038;p=425"},"modified":"2024-06-30T19:22:55","modified_gmt":"2024-06-30T16:22:55","slug":"cikma-metal-raf-raf-soyunma-dolabi-vitrin-asrin-metal-kitaplik","status":"publish","type":"product","link":"https:\/\/sumerspot.com\/ikinciel\/urun\/cikma-metal-raf-raf-soyunma-dolabi-vitrin-asrin-metal-kitaplik\/","title":{"rendered":"\u00c7IKMA METAL RAF Raf Soyunma Dolab\u0131 Vitrin ASRIN Metal Kitapl\u0131k"},"content":{"rendered":"<p><img loading=\"lazy\" decoding=\"async\" class=\"aligncenter size-full wp-image-427\" src=\"https:\/\/sumerspot.com\/ikinciel\/wp-content\/uploads\/2024\/06\/IKINCI-EL-SAGLAM-DOSYA-RAFLARI-1.png\" alt=\"\" width=\"887\" height=\"496\" title=\"\" srcset=\"https:\/\/sumerspot.com\/ikinciel\/wp-content\/uploads\/2024\/06\/IKINCI-EL-SAGLAM-DOSYA-RAFLARI-1.png 887w, https:\/\/sumerspot.com\/ikinciel\/wp-content\/uploads\/2024\/06\/IKINCI-EL-SAGLAM-DOSYA-RAFLARI-1-300x168.png 300w, https:\/\/sumerspot.com\/ikinciel\/wp-content\/uploads\/2024\/06\/IKINCI-EL-SAGLAM-DOSYA-RAFLARI-1-768x429.png 768w, https:\/\/sumerspot.com\/ikinciel\/wp-content\/uploads\/2024\/06\/IKINCI-EL-SAGLAM-DOSYA-RAFLARI-1-600x336.png 600w\" sizes=\"auto, (max-width: 887px) 100vw, 887px\" \/> <img loading=\"lazy\" decoding=\"async\" class=\"aligncenter size-full wp-image-426\" src=\"https:\/\/sumerspot.com\/ikinciel\/wp-content\/uploads\/2024\/06\/IKINCI-EL-SAGLAM-DOSYA-RAFLARI-2.png\" alt=\"\" width=\"789\" height=\"631\" title=\"\" srcset=\"https:\/\/sumerspot.com\/ikinciel\/wp-content\/uploads\/2024\/06\/IKINCI-EL-SAGLAM-DOSYA-RAFLARI-2.png 789w, https:\/\/sumerspot.com\/ikinciel\/wp-content\/uploads\/2024\/06\/IKINCI-EL-SAGLAM-DOSYA-RAFLARI-2-300x240.png 300w, https:\/\/sumerspot.com\/ikinciel\/wp-content\/uploads\/2024\/06\/IKINCI-EL-SAGLAM-DOSYA-RAFLARI-2-768x614.png 768w, https:\/\/sumerspot.com\/ikinciel\/wp-content\/uploads\/2024\/06\/IKINCI-EL-SAGLAM-DOSYA-RAFLARI-2-600x480.png 600w\" sizes=\"auto, (max-width: 789px) 100vw, 789px\" \/><\/p>\n","protected":false},"excerpt":{"rendered":"<p>\u0130kinci El ve S\u0131f\u0131r Al\u0131\u015fveri\u015f Emlak Vas\u0131ta Yedek Par\u00e7a, Aksesuar, Donan\u0131m Anahtar Dolab\u0131 Dosya Dolab\u0131 Ecza Dolab\u0131 Emanet Dolab\u0131 Kartoteks Keson K\u00fct\u00fcphane <strong>Raf Soyunma Dolab\u0131 Vitrin ASRIN Metal Kitapl\u0131k<\/strong> 5 Rafl\u0131 Kitapl\u0131k Dosya Kitap Raf\u0131 Ofis Ev Raf\u0131 Kitap Raf \u0130kinci el Raf Anahtar Dolab\u0131 Dosya Dolab\u0131 Ecza Dolab\u0131 Emanet Dolab\u0131 Kartoteks Dayan\u0131kl\u0131 \u015f\u0131k ve dekoratif raf\u0131 dayan\u0131kl\u0131 suntalam kullan\u0131larak yap\u0131lm\u0131\u015ft\u0131r.\u00c7elik dosya ar\u015fiv raf sistemleri.<\/p>\n","protected":false},"featured_media":427,"template":"","meta":[],"product_brand":[],"product_cat":[15],"product_tag":[],"class_list":{"0":"post-425","1":"product","2":"type-product","3":"status-publish","4":"has-post-thumbnail","6":"product_cat-ikinci-el-esya","8":"first","9":"instock","10":"sale","11":"shipping-taxable","12":"purchasable","13":"product-type-simple"},"_links":{"self":[{"href":"https:\/\/sumerspot.com\/ikinciel\/wp-json\/wp\/v2\/product\/425","targetHints":{"allow":["GET"]}}],"collection":[{"href":"https:\/\/sumerspot.com\/ikinciel\/wp-json\/wp\/v2\/product"}],"about":[{"href":"https:\/\/sumerspot.com\/ikinciel\/wp-json\/wp\/v2\/types\/product"}],"wp:featuredmedia":[{"embeddable":true,"href":"https:\/\/sumerspot.com\/ikinciel\/wp-json\/wp\/v2\/media\/427"}],"wp:attachment":[{"href":"https:\/\/sumerspot.com\/ikinciel\/wp-json\/wp\/v2\/media?parent=425"}],"wp:term":[{"taxonomy":"product_brand","embeddable":true,"href":"https:\/\/sumerspot.com\/ikinciel\/wp-json\/wp\/v2\/product_brand?post=425"},{"taxonomy":"product_cat","embeddable":true,"href":"https:\/\/sumerspot.com\/ikinciel\/wp-json\/wp\/v2\/product_cat?post=425"},{"taxonomy":"product_tag","embeddable":true,"href":"https:\/\/sumerspot.com\/ikinciel\/wp-json\/wp\/v2\/product_tag?post=425"}],"curies":[{"name":"wp","href":"https:\/\/api.w.org\/{rel}","templated":true}]}}