{"id":428,"date":"2024-06-30T19:26:40","date_gmt":"2024-06-30T16:26:40","guid":{"rendered":"https:\/\/sumerspot.com\/ikinciel\/?post_type=product&#038;p=428"},"modified":"2024-06-30T19:26:40","modified_gmt":"2024-06-30T16:26:40","slug":"ikinci-el-hitachi-civi-cakma-makinesi","status":"publish","type":"product","link":"https:\/\/sumerspot.com\/ikinciel\/urun\/ikinci-el-hitachi-civi-cakma-makinesi\/","title":{"rendered":"\u0130K\u0130NC\u0130 EL HITACHI \u00c7\u0130V\u0130 \u00c7AKMA MAK\u0130NES\u0130"},"content":{"rendered":"<p><img loading=\"lazy\" decoding=\"async\" class=\"aligncenter size-full wp-image-429\" src=\"https:\/\/sumerspot.com\/ikinciel\/wp-content\/uploads\/2024\/06\/IKINCI-EL-HITACHI-CIVI-CAKMA-MAKINESI-2.png\" alt=\"\" width=\"1041\" height=\"631\" title=\"\" srcset=\"https:\/\/sumerspot.com\/ikinciel\/wp-content\/uploads\/2024\/06\/IKINCI-EL-HITACHI-CIVI-CAKMA-MAKINESI-2.png 1041w, https:\/\/sumerspot.com\/ikinciel\/wp-content\/uploads\/2024\/06\/IKINCI-EL-HITACHI-CIVI-CAKMA-MAKINESI-2-300x182.png 300w, https:\/\/sumerspot.com\/ikinciel\/wp-content\/uploads\/2024\/06\/IKINCI-EL-HITACHI-CIVI-CAKMA-MAKINESI-2-1024x621.png 1024w, https:\/\/sumerspot.com\/ikinciel\/wp-content\/uploads\/2024\/06\/IKINCI-EL-HITACHI-CIVI-CAKMA-MAKINESI-2-768x466.png 768w, https:\/\/sumerspot.com\/ikinciel\/wp-content\/uploads\/2024\/06\/IKINCI-EL-HITACHI-CIVI-CAKMA-MAKINESI-2-600x364.png 600w\" sizes=\"auto, (max-width: 1041px) 100vw, 1041px\" \/> <img loading=\"lazy\" decoding=\"async\" class=\"aligncenter size-full wp-image-430\" src=\"https:\/\/sumerspot.com\/ikinciel\/wp-content\/uploads\/2024\/06\/IKINCI-EL-HITACHI-CIVI-CAKMA-MAKINESI-1.png\" alt=\"\" width=\"807\" height=\"622\" title=\"\" srcset=\"https:\/\/sumerspot.com\/ikinciel\/wp-content\/uploads\/2024\/06\/IKINCI-EL-HITACHI-CIVI-CAKMA-MAKINESI-1.png 807w, https:\/\/sumerspot.com\/ikinciel\/wp-content\/uploads\/2024\/06\/IKINCI-EL-HITACHI-CIVI-CAKMA-MAKINESI-1-300x231.png 300w, https:\/\/sumerspot.com\/ikinciel\/wp-content\/uploads\/2024\/06\/IKINCI-EL-HITACHI-CIVI-CAKMA-MAKINESI-1-768x592.png 768w, https:\/\/sumerspot.com\/ikinciel\/wp-content\/uploads\/2024\/06\/IKINCI-EL-HITACHI-CIVI-CAKMA-MAKINESI-1-600x462.png 600w\" sizes=\"auto, (max-width: 807px) 100vw, 807px\" \/><\/p>\n","protected":false},"excerpt":{"rendered":"<p>\u0130K\u0130NC\u0130 EL HITACHI \u00c7\u0130V\u0130 \u00c7AKMA MAK\u0130NES\u0130 Hitachi \u00e7ivi \u00e7akma makinas\u0131 Yurt D\u0131\u015f\u0131ndan Geldi SIFIR &#8211; \u0130kinci El Haval\u0131 \u00c7ivi Tabancas\u0131 \u0130lanlar\u0131 sahibinden; Haval\u0131 \u00c7ivi Bir \u00c7ivi \u00c7akma Makinesi rekabete a\u00e7\u0131k, uygun maliyetli \u00fcretim s\u00fcrecinin avantajlar\u0131n\u0131 sunar.Haval\u0131 el aletlerimiz, patenti al\u0131nm\u0131\u015f dolu ak\u00fc ile 4000 adet \u00e7ivi \u00e7akma kapasitesi. 2 hareketle kolay \u00e7ivi y\u00fckleme \u00f6zelli\u011fi<\/p>\n","protected":false},"featured_media":430,"template":"","meta":[],"product_brand":[],"product_cat":[31],"product_tag":[],"class_list":{"0":"post-428","1":"product","2":"type-product","3":"status-publish","4":"has-post-thumbnail","6":"product_cat-ikinci-el-is-makineleri","8":"first","9":"instock","10":"sale","11":"shipping-taxable","12":"purchasable","13":"product-type-simple"},"_links":{"self":[{"href":"https:\/\/sumerspot.com\/ikinciel\/wp-json\/wp\/v2\/product\/428","targetHints":{"allow":["GET"]}}],"collection":[{"href":"https:\/\/sumerspot.com\/ikinciel\/wp-json\/wp\/v2\/product"}],"about":[{"href":"https:\/\/sumerspot.com\/ikinciel\/wp-json\/wp\/v2\/types\/product"}],"wp:featuredmedia":[{"embeddable":true,"href":"https:\/\/sumerspot.com\/ikinciel\/wp-json\/wp\/v2\/media\/430"}],"wp:attachment":[{"href":"https:\/\/sumerspot.com\/ikinciel\/wp-json\/wp\/v2\/media?parent=428"}],"wp:term":[{"taxonomy":"product_brand","embeddable":true,"href":"https:\/\/sumerspot.com\/ikinciel\/wp-json\/wp\/v2\/product_brand?post=428"},{"taxonomy":"product_cat","embeddable":true,"href":"https:\/\/sumerspot.com\/ikinciel\/wp-json\/wp\/v2\/product_cat?post=428"},{"taxonomy":"product_tag","embeddable":true,"href":"https:\/\/sumerspot.com\/ikinciel\/wp-json\/wp\/v2\/product_tag?post=428"}],"curies":[{"name":"wp","href":"https:\/\/api.w.org\/{rel}","templated":true}]}}