{"id":431,"date":"2024-06-30T19:29:25","date_gmt":"2024-06-30T16:29:25","guid":{"rendered":"https:\/\/sumerspot.com\/ikinciel\/?post_type=product&#038;p=431"},"modified":"2024-06-30T19:29:25","modified_gmt":"2024-06-30T16:29:25","slug":"defolu-bulasik-makinesi-fabrikadan-defolu-beyaz-esya","status":"publish","type":"product","link":"https:\/\/sumerspot.com\/ikinciel\/urun\/defolu-bulasik-makinesi-fabrikadan-defolu-beyaz-esya\/","title":{"rendered":"DEFOLU BULA\u015eIK MAK\u0130NES\u0130 (fabrikadan defolu beyaz e\u015fya)"},"content":{"rendered":"<p><img loading=\"lazy\" decoding=\"async\" class=\"aligncenter size-full wp-image-432\" src=\"https:\/\/sumerspot.com\/ikinciel\/wp-content\/uploads\/2024\/06\/DEFOLU-BULASIK-MAKINESI-2.jpg\" alt=\"\" width=\"338\" height=\"600\" title=\"\" srcset=\"https:\/\/sumerspot.com\/ikinciel\/wp-content\/uploads\/2024\/06\/DEFOLU-BULASIK-MAKINESI-2.jpg 338w, https:\/\/sumerspot.com\/ikinciel\/wp-content\/uploads\/2024\/06\/DEFOLU-BULASIK-MAKINESI-2-169x300.jpg 169w\" sizes=\"auto, (max-width: 338px) 100vw, 338px\" \/><\/p>\n<p><img loading=\"lazy\" decoding=\"async\" class=\"aligncenter size-full wp-image-433\" src=\"https:\/\/sumerspot.com\/ikinciel\/wp-content\/uploads\/2024\/06\/DEFOLU-BULASIK-MAKINESI-1.jpg\" alt=\"\" width=\"1152\" height=\"2048\" title=\"\" srcset=\"https:\/\/sumerspot.com\/ikinciel\/wp-content\/uploads\/2024\/06\/DEFOLU-BULASIK-MAKINESI-1.jpg 1152w, https:\/\/sumerspot.com\/ikinciel\/wp-content\/uploads\/2024\/06\/DEFOLU-BULASIK-MAKINESI-1-169x300.jpg 169w, https:\/\/sumerspot.com\/ikinciel\/wp-content\/uploads\/2024\/06\/DEFOLU-BULASIK-MAKINESI-1-576x1024.jpg 576w, https:\/\/sumerspot.com\/ikinciel\/wp-content\/uploads\/2024\/06\/DEFOLU-BULASIK-MAKINESI-1-768x1365.jpg 768w, https:\/\/sumerspot.com\/ikinciel\/wp-content\/uploads\/2024\/06\/DEFOLU-BULASIK-MAKINESI-1-864x1536.jpg 864w, https:\/\/sumerspot.com\/ikinciel\/wp-content\/uploads\/2024\/06\/DEFOLU-BULASIK-MAKINESI-1-600x1067.jpg 600w\" sizes=\"auto, (max-width: 1152px) 100vw, 1152px\" \/><\/p>\n","protected":false},"excerpt":{"rendered":"<p>DEFOLU BULA\u015eIK MAK\u0130NES\u0130 Defolu Bula\u015f\u0131k Makinesi <strong>Fiyatlar\u0131 Defolu Te\u015fhir Bula\u015f\u0131k Makinesi. \u00dccretsiz<\/strong> Kargo. Hemen Kargo. \u0130ndirimde. S\u0131rala, Tarihe G\u00f6re, Fiyata Gore, \u00dcr\u00fcn Ad\u0131na G\u00f6re, Bosch SMS23BW01T Bula\u015f\u0131k Makinesi Modelleri, ikinci el ve s\u0131f\u0131r se\u00e7enekleri ve b\u00fct\u00e7enize uygun fiyat alternatifleriyle 3 Programl\u0131 Bula\u015f\u0131k Makinesi<\/p>\n","protected":false},"featured_media":432,"template":"","meta":[],"product_brand":[],"product_cat":[33],"product_tag":[],"class_list":{"0":"post-431","1":"product","2":"type-product","3":"status-publish","4":"has-post-thumbnail","6":"product_cat-spot-defolu-esya","8":"first","9":"instock","10":"sale","11":"shipping-taxable","12":"purchasable","13":"product-type-simple"},"_links":{"self":[{"href":"https:\/\/sumerspot.com\/ikinciel\/wp-json\/wp\/v2\/product\/431","targetHints":{"allow":["GET"]}}],"collection":[{"href":"https:\/\/sumerspot.com\/ikinciel\/wp-json\/wp\/v2\/product"}],"about":[{"href":"https:\/\/sumerspot.com\/ikinciel\/wp-json\/wp\/v2\/types\/product"}],"wp:featuredmedia":[{"embeddable":true,"href":"https:\/\/sumerspot.com\/ikinciel\/wp-json\/wp\/v2\/media\/432"}],"wp:attachment":[{"href":"https:\/\/sumerspot.com\/ikinciel\/wp-json\/wp\/v2\/media?parent=431"}],"wp:term":[{"taxonomy":"product_brand","embeddable":true,"href":"https:\/\/sumerspot.com\/ikinciel\/wp-json\/wp\/v2\/product_brand?post=431"},{"taxonomy":"product_cat","embeddable":true,"href":"https:\/\/sumerspot.com\/ikinciel\/wp-json\/wp\/v2\/product_cat?post=431"},{"taxonomy":"product_tag","embeddable":true,"href":"https:\/\/sumerspot.com\/ikinciel\/wp-json\/wp\/v2\/product_tag?post=431"}],"curies":[{"name":"wp","href":"https:\/\/api.w.org\/{rel}","templated":true}]}}