{"id":434,"date":"2024-06-30T19:33:20","date_gmt":"2024-06-30T16:33:20","guid":{"rendered":"https:\/\/sumerspot.com\/ikinciel\/?post_type=product&#038;p=434"},"modified":"2024-06-30T19:33:33","modified_gmt":"2024-06-30T16:33:33","slug":"ikea-defolu-urunler-ikea-teshir-urunleri-satisi-ikea-outlet-turkiye","status":"publish","type":"product","link":"https:\/\/sumerspot.com\/ikinciel\/urun\/ikea-defolu-urunler-ikea-teshir-urunleri-satisi-ikea-outlet-turkiye\/","title":{"rendered":"ikea defolu \u00fcr\u00fcnler IKEA te\u015fhir \u00fcr\u00fcnleri sat\u0131\u015f\u0131 IKEA outlet T\u00fcrkiye"},"content":{"rendered":"<p><img loading=\"lazy\" decoding=\"async\" class=\"aligncenter size-full wp-image-435\" src=\"https:\/\/sumerspot.com\/ikinciel\/wp-content\/uploads\/2024\/06\/ikea-defolu-urunler-2.png\" alt=\"\" width=\"867\" height=\"631\" title=\"\" srcset=\"https:\/\/sumerspot.com\/ikinciel\/wp-content\/uploads\/2024\/06\/ikea-defolu-urunler-2.png 867w, https:\/\/sumerspot.com\/ikinciel\/wp-content\/uploads\/2024\/06\/ikea-defolu-urunler-2-300x218.png 300w, https:\/\/sumerspot.com\/ikinciel\/wp-content\/uploads\/2024\/06\/ikea-defolu-urunler-2-768x559.png 768w, https:\/\/sumerspot.com\/ikinciel\/wp-content\/uploads\/2024\/06\/ikea-defolu-urunler-2-600x437.png 600w\" sizes=\"auto, (max-width: 867px) 100vw, 867px\" \/> <img loading=\"lazy\" decoding=\"async\" class=\"aligncenter size-full wp-image-436\" src=\"https:\/\/sumerspot.com\/ikinciel\/wp-content\/uploads\/2024\/06\/ikea-defolu-urunler-1.png\" alt=\"\" width=\"1003\" height=\"606\" title=\"\" srcset=\"https:\/\/sumerspot.com\/ikinciel\/wp-content\/uploads\/2024\/06\/ikea-defolu-urunler-1.png 1003w, https:\/\/sumerspot.com\/ikinciel\/wp-content\/uploads\/2024\/06\/ikea-defolu-urunler-1-300x181.png 300w, https:\/\/sumerspot.com\/ikinciel\/wp-content\/uploads\/2024\/06\/ikea-defolu-urunler-1-768x464.png 768w, https:\/\/sumerspot.com\/ikinciel\/wp-content\/uploads\/2024\/06\/ikea-defolu-urunler-1-600x363.png 600w\" sizes=\"auto, (max-width: 1003px) 100vw, 1003px\" \/><\/p>\n","protected":false},"excerpt":{"rendered":"<p>ikea defolu \u00fcr\u00fcnler IKEA Aile \u00fcyeli\u011finiz ile her al\u0131\u015fveri\u015finizde Ikea \u00fcr\u00fcnleri en uygun fiyat f\u0131rsat\u0131yla IKEA, d\u00fcnya genelinde ev mobilyalar\u0131 ve dekorasyon \u00fcr\u00fcnleri konusunda tan\u0131nan T\u0131kla, indirimli Ikea online \u00fcr\u00fcnlerini ke\u015ffet, IKEA Aile Para kazan\u0131n ve kampanyalar\u0131 ka\u00e7\u0131rmay\u0131n. Aile Kart Ba\u015fvurusu. IKEA Kurumsal Sat\u0131\u015f. \u0130\u015f yeri mobilya ve \u0130kea \u00fcr\u00fcnleri indirimli fiyatlarla Trendyol&#8217;da! \u0130kea markas\u0131n\u0131n modellerini incelemek ve<\/p>\n","protected":false},"featured_media":435,"template":"","meta":[],"product_brand":[],"product_cat":[32],"product_tag":[],"class_list":{"0":"post-434","1":"product","2":"type-product","3":"status-publish","4":"has-post-thumbnail","6":"product_cat-ikinci-el-mobilya","8":"first","9":"instock","10":"sale","11":"shipping-taxable","12":"purchasable","13":"product-type-simple"},"_links":{"self":[{"href":"https:\/\/sumerspot.com\/ikinciel\/wp-json\/wp\/v2\/product\/434","targetHints":{"allow":["GET"]}}],"collection":[{"href":"https:\/\/sumerspot.com\/ikinciel\/wp-json\/wp\/v2\/product"}],"about":[{"href":"https:\/\/sumerspot.com\/ikinciel\/wp-json\/wp\/v2\/types\/product"}],"wp:featuredmedia":[{"embeddable":true,"href":"https:\/\/sumerspot.com\/ikinciel\/wp-json\/wp\/v2\/media\/435"}],"wp:attachment":[{"href":"https:\/\/sumerspot.com\/ikinciel\/wp-json\/wp\/v2\/media?parent=434"}],"wp:term":[{"taxonomy":"product_brand","embeddable":true,"href":"https:\/\/sumerspot.com\/ikinciel\/wp-json\/wp\/v2\/product_brand?post=434"},{"taxonomy":"product_cat","embeddable":true,"href":"https:\/\/sumerspot.com\/ikinciel\/wp-json\/wp\/v2\/product_cat?post=434"},{"taxonomy":"product_tag","embeddable":true,"href":"https:\/\/sumerspot.com\/ikinciel\/wp-json\/wp\/v2\/product_tag?post=434"}],"curies":[{"name":"wp","href":"https:\/\/api.w.org\/{rel}","templated":true}]}}