{"id":437,"date":"2024-06-30T19:38:49","date_gmt":"2024-06-30T16:38:49","guid":{"rendered":"https:\/\/sumerspot.com\/ikinciel\/?post_type=product&#038;p=437"},"modified":"2024-06-30T19:38:49","modified_gmt":"2024-06-30T16:38:49","slug":"ikea-nockeby-koltuk-takimi-uclu-koltuk-modelleriyle-oda-duzeninizdeki-diger-mobilyalar","status":"publish","type":"product","link":"https:\/\/sumerspot.com\/ikinciel\/urun\/ikea-nockeby-koltuk-takimi-uclu-koltuk-modelleriyle-oda-duzeninizdeki-diger-mobilyalar\/","title":{"rendered":"Ikea nockeby koltuk takimi \u00dc\u00e7l\u00fc koltuk modelleriyle oda d\u00fczeninizdeki di\u011fer mobilyalar"},"content":{"rendered":"<p><img loading=\"lazy\" decoding=\"async\" src=\"https:\/\/sumerspot.com\/ikinciel\/wp-content\/uploads\/2024\/06\/Ikea-nockeby-koltuk-takimi-1.png\" alt=\"\" width=\"954\" height=\"610\" class=\"aligncenter size-full wp-image-438\" title=\"\" srcset=\"https:\/\/sumerspot.com\/ikinciel\/wp-content\/uploads\/2024\/06\/Ikea-nockeby-koltuk-takimi-1.png 954w, https:\/\/sumerspot.com\/ikinciel\/wp-content\/uploads\/2024\/06\/Ikea-nockeby-koltuk-takimi-1-300x192.png 300w, https:\/\/sumerspot.com\/ikinciel\/wp-content\/uploads\/2024\/06\/Ikea-nockeby-koltuk-takimi-1-768x491.png 768w, https:\/\/sumerspot.com\/ikinciel\/wp-content\/uploads\/2024\/06\/Ikea-nockeby-koltuk-takimi-1-600x384.png 600w\" sizes=\"auto, (max-width: 954px) 100vw, 954px\" \/><\/p>\n<p><img loading=\"lazy\" decoding=\"async\" src=\"https:\/\/sumerspot.com\/ikinciel\/wp-content\/uploads\/2024\/06\/Ikea-nockeby-koltuk-takimi-2.png\" alt=\"\" width=\"970\" height=\"621\" class=\"aligncenter size-full wp-image-439\" title=\"\" srcset=\"https:\/\/sumerspot.com\/ikinciel\/wp-content\/uploads\/2024\/06\/Ikea-nockeby-koltuk-takimi-2.png 970w, https:\/\/sumerspot.com\/ikinciel\/wp-content\/uploads\/2024\/06\/Ikea-nockeby-koltuk-takimi-2-300x192.png 300w, https:\/\/sumerspot.com\/ikinciel\/wp-content\/uploads\/2024\/06\/Ikea-nockeby-koltuk-takimi-2-768x492.png 768w, https:\/\/sumerspot.com\/ikinciel\/wp-content\/uploads\/2024\/06\/Ikea-nockeby-koltuk-takimi-2-600x384.png 600w\" sizes=\"auto, (max-width: 970px) 100vw, 970px\" \/><\/p>\n<p><img loading=\"lazy\" decoding=\"async\" src=\"https:\/\/sumerspot.com\/ikinciel\/wp-content\/uploads\/2024\/06\/Ikea-nockeby-koltuk-takimi-3.png\" alt=\"\" width=\"975\" height=\"631\" class=\"aligncenter size-full wp-image-440\" title=\"\" srcset=\"https:\/\/sumerspot.com\/ikinciel\/wp-content\/uploads\/2024\/06\/Ikea-nockeby-koltuk-takimi-3.png 975w, https:\/\/sumerspot.com\/ikinciel\/wp-content\/uploads\/2024\/06\/Ikea-nockeby-koltuk-takimi-3-300x194.png 300w, https:\/\/sumerspot.com\/ikinciel\/wp-content\/uploads\/2024\/06\/Ikea-nockeby-koltuk-takimi-3-768x497.png 768w, https:\/\/sumerspot.com\/ikinciel\/wp-content\/uploads\/2024\/06\/Ikea-nockeby-koltuk-takimi-3-600x388.png 600w\" sizes=\"auto, (max-width: 975px) 100vw, 975px\" \/><\/p>\n","protected":false},"excerpt":{"rendered":"<p><strong>Ikea nockeby koltuk takimi Ikea nockeby koltuk takimi. 28.000 TL<\/strong>. sedude. \u0130kinci el Ikea nockeby koltuk takimi modelleri en uygun fiyatlar ve indirim f\u0131rsat\u0131yla Teklife A\u00e7\u0131k. 0. Kullan\u0131lm\u0131\u015f &#8211; 180 x 30 x 30 cm Kullan\u0131lm\u0131\u015f. Ikea besta tv \u00fcnitesi. 2.700 TL. \u00dc\u00e7l\u00fc koltuk modelleriyle oda d\u00fczeninizdeki di\u011fer mobilyalar ile uyumlu bir kompozisyon limonj<\/p>\n","protected":false},"featured_media":440,"template":"","meta":[],"product_brand":[],"product_cat":[32],"product_tag":[],"class_list":{"0":"post-437","1":"product","2":"type-product","3":"status-publish","4":"has-post-thumbnail","6":"product_cat-ikinci-el-mobilya","8":"first","9":"instock","10":"sale","11":"shipping-taxable","12":"purchasable","13":"product-type-simple"},"_links":{"self":[{"href":"https:\/\/sumerspot.com\/ikinciel\/wp-json\/wp\/v2\/product\/437","targetHints":{"allow":["GET"]}}],"collection":[{"href":"https:\/\/sumerspot.com\/ikinciel\/wp-json\/wp\/v2\/product"}],"about":[{"href":"https:\/\/sumerspot.com\/ikinciel\/wp-json\/wp\/v2\/types\/product"}],"wp:featuredmedia":[{"embeddable":true,"href":"https:\/\/sumerspot.com\/ikinciel\/wp-json\/wp\/v2\/media\/440"}],"wp:attachment":[{"href":"https:\/\/sumerspot.com\/ikinciel\/wp-json\/wp\/v2\/media?parent=437"}],"wp:term":[{"taxonomy":"product_brand","embeddable":true,"href":"https:\/\/sumerspot.com\/ikinciel\/wp-json\/wp\/v2\/product_brand?post=437"},{"taxonomy":"product_cat","embeddable":true,"href":"https:\/\/sumerspot.com\/ikinciel\/wp-json\/wp\/v2\/product_cat?post=437"},{"taxonomy":"product_tag","embeddable":true,"href":"https:\/\/sumerspot.com\/ikinciel\/wp-json\/wp\/v2\/product_tag?post=437"}],"curies":[{"name":"wp","href":"https:\/\/api.w.org\/{rel}","templated":true}]}}