{"id":445,"date":"2024-07-13T16:41:45","date_gmt":"2024-07-13T13:41:45","guid":{"rendered":"https:\/\/sumerspot.com\/ikinciel\/?post_type=product&#038;p=445"},"modified":"2024-07-13T16:41:45","modified_gmt":"2024-07-13T13:41:45","slug":"beton-silim-makinasi-saglam-ve-kaliteli-beton-silme-duzeltme","status":"publish","type":"product","link":"https:\/\/sumerspot.com\/ikinciel\/urun\/beton-silim-makinasi-saglam-ve-kaliteli-beton-silme-duzeltme\/","title":{"rendered":"Beton silim makinas\u0131 sa\u011flam ve kaliteli beton silme d\u00fczeltme"},"content":{"rendered":"<p><img loading=\"lazy\" decoding=\"async\" class=\"aligncenter size-full wp-image-446\" src=\"https:\/\/sumerspot.com\/ikinciel\/wp-content\/uploads\/2024\/07\/Beton-silim-makinasi-3.png\" alt=\"\" width=\"764\" height=\"629\" title=\"\" srcset=\"https:\/\/sumerspot.com\/ikinciel\/wp-content\/uploads\/2024\/07\/Beton-silim-makinasi-3.png 764w, https:\/\/sumerspot.com\/ikinciel\/wp-content\/uploads\/2024\/07\/Beton-silim-makinasi-3-300x247.png 300w, https:\/\/sumerspot.com\/ikinciel\/wp-content\/uploads\/2024\/07\/Beton-silim-makinasi-3-600x494.png 600w\" sizes=\"auto, (max-width: 764px) 100vw, 764px\" \/> <img loading=\"lazy\" decoding=\"async\" class=\"aligncenter size-full wp-image-447\" src=\"https:\/\/sumerspot.com\/ikinciel\/wp-content\/uploads\/2024\/07\/Beton-silim-makinasi-1.png\" alt=\"\" width=\"972\" height=\"627\" title=\"\" srcset=\"https:\/\/sumerspot.com\/ikinciel\/wp-content\/uploads\/2024\/07\/Beton-silim-makinasi-1.png 972w, https:\/\/sumerspot.com\/ikinciel\/wp-content\/uploads\/2024\/07\/Beton-silim-makinasi-1-300x194.png 300w, https:\/\/sumerspot.com\/ikinciel\/wp-content\/uploads\/2024\/07\/Beton-silim-makinasi-1-768x495.png 768w, https:\/\/sumerspot.com\/ikinciel\/wp-content\/uploads\/2024\/07\/Beton-silim-makinasi-1-600x387.png 600w\" sizes=\"auto, (max-width: 972px) 100vw, 972px\" \/> <img loading=\"lazy\" decoding=\"async\" class=\"aligncenter size-full wp-image-448\" src=\"https:\/\/sumerspot.com\/ikinciel\/wp-content\/uploads\/2024\/07\/Beton-silim-makinasi-2.png\" alt=\"\" width=\"984\" height=\"622\" title=\"\" srcset=\"https:\/\/sumerspot.com\/ikinciel\/wp-content\/uploads\/2024\/07\/Beton-silim-makinasi-2.png 984w, https:\/\/sumerspot.com\/ikinciel\/wp-content\/uploads\/2024\/07\/Beton-silim-makinasi-2-300x190.png 300w, https:\/\/sumerspot.com\/ikinciel\/wp-content\/uploads\/2024\/07\/Beton-silim-makinasi-2-768x485.png 768w, https:\/\/sumerspot.com\/ikinciel\/wp-content\/uploads\/2024\/07\/Beton-silim-makinasi-2-600x379.png 600w\" sizes=\"auto, (max-width: 984px) 100vw, 984px\" \/><\/p>\n","protected":false},"excerpt":{"rendered":"<p>Beton Silim Makineleri, Beton kaz\u0131ma parlatma elmas, Beton Silim Makinesi HTG 955LE \u00b7 Beton Silim Makinesi HTG Beton Freze Makinesi, epoksi kaz\u0131ma. Yeni Nesil Otomatik Beton silim Makineleri, Kuru silim i\u00e7in Vakum, kaz\u0131ma elmaslar\u0131. <\/p>\n","protected":false},"featured_media":448,"template":"","meta":[],"product_brand":[],"product_cat":[31],"product_tag":[],"class_list":{"0":"post-445","1":"product","2":"type-product","3":"status-publish","4":"has-post-thumbnail","6":"product_cat-ikinci-el-is-makineleri","8":"first","9":"instock","10":"sale","11":"shipping-taxable","12":"purchasable","13":"product-type-simple"},"_links":{"self":[{"href":"https:\/\/sumerspot.com\/ikinciel\/wp-json\/wp\/v2\/product\/445","targetHints":{"allow":["GET"]}}],"collection":[{"href":"https:\/\/sumerspot.com\/ikinciel\/wp-json\/wp\/v2\/product"}],"about":[{"href":"https:\/\/sumerspot.com\/ikinciel\/wp-json\/wp\/v2\/types\/product"}],"wp:featuredmedia":[{"embeddable":true,"href":"https:\/\/sumerspot.com\/ikinciel\/wp-json\/wp\/v2\/media\/448"}],"wp:attachment":[{"href":"https:\/\/sumerspot.com\/ikinciel\/wp-json\/wp\/v2\/media?parent=445"}],"wp:term":[{"taxonomy":"product_brand","embeddable":true,"href":"https:\/\/sumerspot.com\/ikinciel\/wp-json\/wp\/v2\/product_brand?post=445"},{"taxonomy":"product_cat","embeddable":true,"href":"https:\/\/sumerspot.com\/ikinciel\/wp-json\/wp\/v2\/product_cat?post=445"},{"taxonomy":"product_tag","embeddable":true,"href":"https:\/\/sumerspot.com\/ikinciel\/wp-json\/wp\/v2\/product_tag?post=445"}],"curies":[{"name":"wp","href":"https:\/\/api.w.org\/{rel}","templated":true}]}}