{"id":449,"date":"2024-07-17T17:16:21","date_gmt":"2024-07-17T14:16:21","guid":{"rendered":"https:\/\/sumerspot.com\/ikinciel\/?post_type=product&#038;p=449"},"modified":"2024-07-17T17:17:57","modified_gmt":"2024-07-17T14:17:57","slug":"defolu-baza-outlet-sandikli-genis-bazalar","status":"publish","type":"product","link":"https:\/\/sumerspot.com\/ikinciel\/urun\/defolu-baza-outlet-sandikli-genis-bazalar\/","title":{"rendered":"Defolu baza outlet sand\u0131kl\u0131 geni\u015f bazalar"},"content":{"rendered":"<p><img loading=\"lazy\" decoding=\"async\" src=\"https:\/\/sumerspot.com\/ikinciel\/wp-content\/uploads\/2024\/07\/defolu-baza-outlet-bazalar-2.jpg\" alt=\"\" width=\"1536\" height=\"2048\" class=\"aligncenter size-full wp-image-450\" title=\"\" srcset=\"https:\/\/sumerspot.com\/ikinciel\/wp-content\/uploads\/2024\/07\/defolu-baza-outlet-bazalar-2.jpg 1536w, https:\/\/sumerspot.com\/ikinciel\/wp-content\/uploads\/2024\/07\/defolu-baza-outlet-bazalar-2-225x300.jpg 225w, https:\/\/sumerspot.com\/ikinciel\/wp-content\/uploads\/2024\/07\/defolu-baza-outlet-bazalar-2-768x1024.jpg 768w, https:\/\/sumerspot.com\/ikinciel\/wp-content\/uploads\/2024\/07\/defolu-baza-outlet-bazalar-2-1152x1536.jpg 1152w, https:\/\/sumerspot.com\/ikinciel\/wp-content\/uploads\/2024\/07\/defolu-baza-outlet-bazalar-2-600x800.jpg 600w\" sizes=\"auto, (max-width: 1536px) 100vw, 1536px\" \/><\/p>\n<p><img loading=\"lazy\" decoding=\"async\" src=\"https:\/\/sumerspot.com\/ikinciel\/wp-content\/uploads\/2024\/07\/defolu-baza-outlet-bazalar-1.jpg\" alt=\"\" width=\"1599\" height=\"899\" class=\"aligncenter size-full wp-image-451\" title=\"\" srcset=\"https:\/\/sumerspot.com\/ikinciel\/wp-content\/uploads\/2024\/07\/defolu-baza-outlet-bazalar-1.jpg 1599w, https:\/\/sumerspot.com\/ikinciel\/wp-content\/uploads\/2024\/07\/defolu-baza-outlet-bazalar-1-300x169.jpg 300w, https:\/\/sumerspot.com\/ikinciel\/wp-content\/uploads\/2024\/07\/defolu-baza-outlet-bazalar-1-1024x576.jpg 1024w, https:\/\/sumerspot.com\/ikinciel\/wp-content\/uploads\/2024\/07\/defolu-baza-outlet-bazalar-1-768x432.jpg 768w, https:\/\/sumerspot.com\/ikinciel\/wp-content\/uploads\/2024\/07\/defolu-baza-outlet-bazalar-1-1536x864.jpg 1536w, https:\/\/sumerspot.com\/ikinciel\/wp-content\/uploads\/2024\/07\/defolu-baza-outlet-bazalar-1-1140x641.jpg 1140w, https:\/\/sumerspot.com\/ikinciel\/wp-content\/uploads\/2024\/07\/defolu-baza-outlet-bazalar-1-720x405.jpg 720w, https:\/\/sumerspot.com\/ikinciel\/wp-content\/uploads\/2024\/07\/defolu-baza-outlet-bazalar-1-600x337.jpg 600w\" sizes=\"auto, (max-width: 1599px) 100vw, 1599px\" \/><\/p>\n","protected":false},"excerpt":{"rendered":"<p>Defolu baza 150&#215;200 A\u00c7ILAN SANDIKLI BAZA+YATAK+BA\u015eLIK \u0130ST \u0130\u00c7\u0130 \u00dcCRETS\u0130Z Sand\u0131kl\u0131 baza ile havuzlu baza aras\u0131ndaki fark nedir? \u00d6zellikle sand\u0131kl\u0131 tek ki\u015filik bazalar, geni\u015f i\u00e7 hacimleri sayesinde i\u00e7lerine pek \u00e7ok<br \/>\n\u00c7ift ki\u015filik baza geni\u015fli\u011fi ka\u00e7 cm?<br \/>\nBaza \u00f6l\u00e7\u00fcleri ka\u00e7a ka\u00e7?<br \/>\n Bellona: Dayan\u0131kl\u0131 ve uygun fiyatl\u0131 yatak bazalar\u0131 ile bilinen Bellona, geni\u015f bir renk <\/p>\n","protected":false},"featured_media":450,"template":"","meta":[],"product_brand":[],"product_cat":[32],"product_tag":[36],"class_list":{"0":"post-449","1":"product","2":"type-product","3":"status-publish","4":"has-post-thumbnail","6":"product_cat-ikinci-el-mobilya","7":"product_tag-ikinci-el-baza","9":"first","10":"instock","11":"sale","12":"shipping-taxable","13":"purchasable","14":"product-type-simple"},"_links":{"self":[{"href":"https:\/\/sumerspot.com\/ikinciel\/wp-json\/wp\/v2\/product\/449","targetHints":{"allow":["GET"]}}],"collection":[{"href":"https:\/\/sumerspot.com\/ikinciel\/wp-json\/wp\/v2\/product"}],"about":[{"href":"https:\/\/sumerspot.com\/ikinciel\/wp-json\/wp\/v2\/types\/product"}],"wp:featuredmedia":[{"embeddable":true,"href":"https:\/\/sumerspot.com\/ikinciel\/wp-json\/wp\/v2\/media\/450"}],"wp:attachment":[{"href":"https:\/\/sumerspot.com\/ikinciel\/wp-json\/wp\/v2\/media?parent=449"}],"wp:term":[{"taxonomy":"product_brand","embeddable":true,"href":"https:\/\/sumerspot.com\/ikinciel\/wp-json\/wp\/v2\/product_brand?post=449"},{"taxonomy":"product_cat","embeddable":true,"href":"https:\/\/sumerspot.com\/ikinciel\/wp-json\/wp\/v2\/product_cat?post=449"},{"taxonomy":"product_tag","embeddable":true,"href":"https:\/\/sumerspot.com\/ikinciel\/wp-json\/wp\/v2\/product_tag?post=449"}],"curies":[{"name":"wp","href":"https:\/\/api.w.org\/{rel}","templated":true}]}}