{"id":458,"date":"2024-07-21T15:03:27","date_gmt":"2024-07-21T12:03:27","guid":{"rendered":"https:\/\/sumerspot.com\/ikinciel\/?post_type=product&#038;p=458"},"modified":"2024-07-21T15:03:27","modified_gmt":"2024-07-21T12:03:27","slug":"vaillant-kombi-fani-ve-motoru-wilo-marka-cikma-kombi-motoru","status":"publish","type":"product","link":"https:\/\/sumerspot.com\/ikinciel\/urun\/vaillant-kombi-fani-ve-motoru-wilo-marka-cikma-kombi-motoru\/","title":{"rendered":"Vaillant kombi fan\u0131 ve motoru wilo marka \u00e7\u0131kma kombi motoru"},"content":{"rendered":"<p><img loading=\"lazy\" decoding=\"async\" class=\"aligncenter size-full wp-image-459\" src=\"https:\/\/sumerspot.com\/ikinciel\/wp-content\/uploads\/2024\/07\/vilo-marka-cikma-kombi-motoru-2.png\" alt=\"\" width=\"769\" height=\"631\" title=\"\" srcset=\"https:\/\/sumerspot.com\/ikinciel\/wp-content\/uploads\/2024\/07\/vilo-marka-cikma-kombi-motoru-2.png 769w, https:\/\/sumerspot.com\/ikinciel\/wp-content\/uploads\/2024\/07\/vilo-marka-cikma-kombi-motoru-2-300x246.png 300w, https:\/\/sumerspot.com\/ikinciel\/wp-content\/uploads\/2024\/07\/vilo-marka-cikma-kombi-motoru-2-600x492.png 600w\" sizes=\"auto, (max-width: 769px) 100vw, 769px\" \/> <img loading=\"lazy\" decoding=\"async\" class=\"aligncenter size-full wp-image-460\" src=\"https:\/\/sumerspot.com\/ikinciel\/wp-content\/uploads\/2024\/07\/vilo-marka-cikma-kombi-motoru-3.png\" alt=\"\" width=\"951\" height=\"629\" title=\"\" srcset=\"https:\/\/sumerspot.com\/ikinciel\/wp-content\/uploads\/2024\/07\/vilo-marka-cikma-kombi-motoru-3.png 951w, https:\/\/sumerspot.com\/ikinciel\/wp-content\/uploads\/2024\/07\/vilo-marka-cikma-kombi-motoru-3-300x198.png 300w, https:\/\/sumerspot.com\/ikinciel\/wp-content\/uploads\/2024\/07\/vilo-marka-cikma-kombi-motoru-3-768x508.png 768w, https:\/\/sumerspot.com\/ikinciel\/wp-content\/uploads\/2024\/07\/vilo-marka-cikma-kombi-motoru-3-600x397.png 600w\" sizes=\"auto, (max-width: 951px) 100vw, 951px\" \/> <img loading=\"lazy\" decoding=\"async\" class=\"aligncenter size-full wp-image-461\" src=\"https:\/\/sumerspot.com\/ikinciel\/wp-content\/uploads\/2024\/07\/vilo-marka-cikma-kombi-motoru-1.png\" alt=\"\" width=\"777\" height=\"630\" title=\"\" srcset=\"https:\/\/sumerspot.com\/ikinciel\/wp-content\/uploads\/2024\/07\/vilo-marka-cikma-kombi-motoru-1.png 777w, https:\/\/sumerspot.com\/ikinciel\/wp-content\/uploads\/2024\/07\/vilo-marka-cikma-kombi-motoru-1-300x243.png 300w, https:\/\/sumerspot.com\/ikinciel\/wp-content\/uploads\/2024\/07\/vilo-marka-cikma-kombi-motoru-1-768x623.png 768w, https:\/\/sumerspot.com\/ikinciel\/wp-content\/uploads\/2024\/07\/vilo-marka-cikma-kombi-motoru-1-600x486.png 600w\" sizes=\"auto, (max-width: 777px) 100vw, 777px\" \/><\/p>\n","protected":false},"excerpt":{"rendered":"<p>Termet Kombi Yedek Par\u00e7a Bir\u00e7ok farkl\u0131 kombi marka ve modelinde kullan\u0131lmaktad\u0131r. Uyumlu oldu\u011fu baz\u0131 marka GAZ VALF\u0130 \u00b7 NTC SENS\u00d6R Vaillant Ferroli Ariston Wilo Pompa Kombi Sirk\u00fclasyon Motoru 82w. Vaillant Ferroli Ariston D\u0130\u011eER MALZEMELER VANA MOTORU SU AKI\u015e ANAHTARI VE T\u00dcRB\u0130NLER SU BASIN\u00c7 SWITCH &#038; SENS\u00d6R<\/p>\n","protected":false},"featured_media":459,"template":"","meta":[],"product_brand":[],"product_cat":[31],"product_tag":[],"class_list":{"0":"post-458","1":"product","2":"type-product","3":"status-publish","4":"has-post-thumbnail","6":"product_cat-ikinci-el-is-makineleri","8":"first","9":"instock","10":"sale","11":"shipping-taxable","12":"purchasable","13":"product-type-simple"},"_links":{"self":[{"href":"https:\/\/sumerspot.com\/ikinciel\/wp-json\/wp\/v2\/product\/458","targetHints":{"allow":["GET"]}}],"collection":[{"href":"https:\/\/sumerspot.com\/ikinciel\/wp-json\/wp\/v2\/product"}],"about":[{"href":"https:\/\/sumerspot.com\/ikinciel\/wp-json\/wp\/v2\/types\/product"}],"wp:featuredmedia":[{"embeddable":true,"href":"https:\/\/sumerspot.com\/ikinciel\/wp-json\/wp\/v2\/media\/459"}],"wp:attachment":[{"href":"https:\/\/sumerspot.com\/ikinciel\/wp-json\/wp\/v2\/media?parent=458"}],"wp:term":[{"taxonomy":"product_brand","embeddable":true,"href":"https:\/\/sumerspot.com\/ikinciel\/wp-json\/wp\/v2\/product_brand?post=458"},{"taxonomy":"product_cat","embeddable":true,"href":"https:\/\/sumerspot.com\/ikinciel\/wp-json\/wp\/v2\/product_cat?post=458"},{"taxonomy":"product_tag","embeddable":true,"href":"https:\/\/sumerspot.com\/ikinciel\/wp-json\/wp\/v2\/product_tag?post=458"}],"curies":[{"name":"wp","href":"https:\/\/api.w.org\/{rel}","templated":true}]}}