{"id":462,"date":"2024-07-26T16:53:18","date_gmt":"2024-07-26T13:53:18","guid":{"rendered":"https:\/\/sumerspot.com\/ikinciel\/?post_type=product&#038;p=462"},"modified":"2024-07-26T16:53:18","modified_gmt":"2024-07-26T13:53:18","slug":"spot-yatak-odasi-makyaj-dolabi-saglam-ve-kaliteli-aynali-dolap","status":"publish","type":"product","link":"https:\/\/sumerspot.com\/ikinciel\/urun\/spot-yatak-odasi-makyaj-dolabi-saglam-ve-kaliteli-aynali-dolap\/","title":{"rendered":"Spot yatak odas\u0131 makyaj dolab\u0131 sa\u011flam ve kaliteli aynal\u0131 dolap"},"content":{"rendered":"<p><img loading=\"lazy\" decoding=\"async\" class=\"aligncenter size-full wp-image-463\" src=\"https:\/\/sumerspot.com\/ikinciel\/wp-content\/uploads\/2024\/07\/spot-yatak-odasi-makyaj-dolabi-2.jpg\" alt=\"\" width=\"1600\" height=\"1200\" title=\"\" srcset=\"https:\/\/sumerspot.com\/ikinciel\/wp-content\/uploads\/2024\/07\/spot-yatak-odasi-makyaj-dolabi-2.jpg 1600w, https:\/\/sumerspot.com\/ikinciel\/wp-content\/uploads\/2024\/07\/spot-yatak-odasi-makyaj-dolabi-2-300x225.jpg 300w, https:\/\/sumerspot.com\/ikinciel\/wp-content\/uploads\/2024\/07\/spot-yatak-odasi-makyaj-dolabi-2-1024x768.jpg 1024w, https:\/\/sumerspot.com\/ikinciel\/wp-content\/uploads\/2024\/07\/spot-yatak-odasi-makyaj-dolabi-2-768x576.jpg 768w, https:\/\/sumerspot.com\/ikinciel\/wp-content\/uploads\/2024\/07\/spot-yatak-odasi-makyaj-dolabi-2-1536x1152.jpg 1536w, https:\/\/sumerspot.com\/ikinciel\/wp-content\/uploads\/2024\/07\/spot-yatak-odasi-makyaj-dolabi-2-160x120.jpg 160w, https:\/\/sumerspot.com\/ikinciel\/wp-content\/uploads\/2024\/07\/spot-yatak-odasi-makyaj-dolabi-2-600x450.jpg 600w\" sizes=\"auto, (max-width: 1600px) 100vw, 1600px\" \/><\/p>\n<p><img loading=\"lazy\" decoding=\"async\" class=\"aligncenter size-full wp-image-464\" src=\"https:\/\/sumerspot.com\/ikinciel\/wp-content\/uploads\/2024\/07\/spot-yatak-odasi-makyaj-dolabi-1.jpg\" alt=\"\" width=\"1600\" height=\"1200\" title=\"\" srcset=\"https:\/\/sumerspot.com\/ikinciel\/wp-content\/uploads\/2024\/07\/spot-yatak-odasi-makyaj-dolabi-1.jpg 1600w, https:\/\/sumerspot.com\/ikinciel\/wp-content\/uploads\/2024\/07\/spot-yatak-odasi-makyaj-dolabi-1-300x225.jpg 300w, https:\/\/sumerspot.com\/ikinciel\/wp-content\/uploads\/2024\/07\/spot-yatak-odasi-makyaj-dolabi-1-1024x768.jpg 1024w, https:\/\/sumerspot.com\/ikinciel\/wp-content\/uploads\/2024\/07\/spot-yatak-odasi-makyaj-dolabi-1-768x576.jpg 768w, https:\/\/sumerspot.com\/ikinciel\/wp-content\/uploads\/2024\/07\/spot-yatak-odasi-makyaj-dolabi-1-1536x1152.jpg 1536w, https:\/\/sumerspot.com\/ikinciel\/wp-content\/uploads\/2024\/07\/spot-yatak-odasi-makyaj-dolabi-1-160x120.jpg 160w, https:\/\/sumerspot.com\/ikinciel\/wp-content\/uploads\/2024\/07\/spot-yatak-odasi-makyaj-dolabi-1-600x450.jpg 600w\" sizes=\"auto, (max-width: 1600px) 100vw, 1600px\" \/><\/p>\n","protected":false},"excerpt":{"rendered":"<p><strong>spot yatak odas\u0131 makyaj dolab\u0131 En ucuz Makyaj Masas\u0131 s\u0131f\u0131r,<\/strong> ikinci el ve spot Yatak Odas\u0131 Mobilya fiyatlar\u0131n\u0131 Yatak odas\u0131 dekorasyonunuzu m\u00fckemmel hale getirmek Makyaj masas\u0131 yatak odas\u0131 aynal\u0131 kommodo \u00b7 MAKYAJ MASASI i\u00e7in \u00f6zel tasar\u0131m makyaj masalar\u0131 kullan\u0131c\u0131n\u0131n &#8220;Makyaj dolab\u0131&#8221; panosunu inceleyin. ev i\u00e7in, yatak odas\u0131, yatak odas\u0131 i\u00e7 tasar\u0131m\u0131<\/p>\n","protected":false},"featured_media":464,"template":"","meta":[],"product_brand":[],"product_cat":[32],"product_tag":[],"class_list":{"0":"post-462","1":"product","2":"type-product","3":"status-publish","4":"has-post-thumbnail","6":"product_cat-ikinci-el-mobilya","8":"first","9":"instock","10":"sale","11":"shipping-taxable","12":"purchasable","13":"product-type-simple"},"_links":{"self":[{"href":"https:\/\/sumerspot.com\/ikinciel\/wp-json\/wp\/v2\/product\/462","targetHints":{"allow":["GET"]}}],"collection":[{"href":"https:\/\/sumerspot.com\/ikinciel\/wp-json\/wp\/v2\/product"}],"about":[{"href":"https:\/\/sumerspot.com\/ikinciel\/wp-json\/wp\/v2\/types\/product"}],"wp:featuredmedia":[{"embeddable":true,"href":"https:\/\/sumerspot.com\/ikinciel\/wp-json\/wp\/v2\/media\/464"}],"wp:attachment":[{"href":"https:\/\/sumerspot.com\/ikinciel\/wp-json\/wp\/v2\/media?parent=462"}],"wp:term":[{"taxonomy":"product_brand","embeddable":true,"href":"https:\/\/sumerspot.com\/ikinciel\/wp-json\/wp\/v2\/product_brand?post=462"},{"taxonomy":"product_cat","embeddable":true,"href":"https:\/\/sumerspot.com\/ikinciel\/wp-json\/wp\/v2\/product_cat?post=462"},{"taxonomy":"product_tag","embeddable":true,"href":"https:\/\/sumerspot.com\/ikinciel\/wp-json\/wp\/v2\/product_tag?post=462"}],"curies":[{"name":"wp","href":"https:\/\/api.w.org\/{rel}","templated":true}]}}