{"id":466,"date":"2024-07-30T16:23:25","date_gmt":"2024-07-30T13:23:25","guid":{"rendered":"https:\/\/sumerspot.com\/ikinciel\/?post_type=product&#038;p=466"},"modified":"2024-07-30T16:23:25","modified_gmt":"2024-07-30T13:23:25","slug":"cikma-santiye-cadiri-hangar-cadir-hayvan-cadirlarinin-belli-bir-sure-sonra","status":"publish","type":"product","link":"https:\/\/sumerspot.com\/ikinciel\/urun\/cikma-santiye-cadiri-hangar-cadir-hayvan-cadirlarinin-belli-bir-sure-sonra\/","title":{"rendered":"\u00c7\u0131kma \u015fantiye \u00e7ad\u0131r\u0131 hangar \u00e7ad\u0131r hayvan \u00e7ad\u0131rlar\u0131n\u0131n belli bir s\u00fcre sonra"},"content":{"rendered":"<p><img loading=\"lazy\" decoding=\"async\" class=\"aligncenter size-full wp-image-467\" src=\"https:\/\/sumerspot.com\/ikinciel\/wp-content\/uploads\/2024\/07\/cikma-santiye-cadiri-3.png\" alt=\"\" width=\"1014\" height=\"568\" title=\"\" srcset=\"https:\/\/sumerspot.com\/ikinciel\/wp-content\/uploads\/2024\/07\/cikma-santiye-cadiri-3.png 1014w, https:\/\/sumerspot.com\/ikinciel\/wp-content\/uploads\/2024\/07\/cikma-santiye-cadiri-3-300x168.png 300w, https:\/\/sumerspot.com\/ikinciel\/wp-content\/uploads\/2024\/07\/cikma-santiye-cadiri-3-768x430.png 768w, https:\/\/sumerspot.com\/ikinciel\/wp-content\/uploads\/2024\/07\/cikma-santiye-cadiri-3-600x336.png 600w\" sizes=\"auto, (max-width: 1014px) 100vw, 1014px\" \/> <img loading=\"lazy\" decoding=\"async\" class=\"aligncenter size-full wp-image-468\" src=\"https:\/\/sumerspot.com\/ikinciel\/wp-content\/uploads\/2024\/07\/cikma-santiye-cadiri-1.png\" alt=\"\" width=\"742\" height=\"633\" title=\"\" srcset=\"https:\/\/sumerspot.com\/ikinciel\/wp-content\/uploads\/2024\/07\/cikma-santiye-cadiri-1.png 742w, https:\/\/sumerspot.com\/ikinciel\/wp-content\/uploads\/2024\/07\/cikma-santiye-cadiri-1-300x256.png 300w, https:\/\/sumerspot.com\/ikinciel\/wp-content\/uploads\/2024\/07\/cikma-santiye-cadiri-1-600x512.png 600w\" sizes=\"auto, (max-width: 742px) 100vw, 742px\" \/> <img loading=\"lazy\" decoding=\"async\" class=\"aligncenter size-full wp-image-469\" src=\"https:\/\/sumerspot.com\/ikinciel\/wp-content\/uploads\/2024\/07\/cikma-santiye-cadiri-2.png\" alt=\"\" width=\"848\" height=\"629\" title=\"\" srcset=\"https:\/\/sumerspot.com\/ikinciel\/wp-content\/uploads\/2024\/07\/cikma-santiye-cadiri-2.png 848w, https:\/\/sumerspot.com\/ikinciel\/wp-content\/uploads\/2024\/07\/cikma-santiye-cadiri-2-300x223.png 300w, https:\/\/sumerspot.com\/ikinciel\/wp-content\/uploads\/2024\/07\/cikma-santiye-cadiri-2-768x570.png 768w, https:\/\/sumerspot.com\/ikinciel\/wp-content\/uploads\/2024\/07\/cikma-santiye-cadiri-2-160x120.png 160w, https:\/\/sumerspot.com\/ikinciel\/wp-content\/uploads\/2024\/07\/cikma-santiye-cadiri-2-600x445.png 600w\" sizes=\"auto, (max-width: 848px) 100vw, 848px\" \/><\/p>\n","protected":false},"excerpt":{"rendered":"<p>\u00e7\u0131kma \u015fantiye \u00e7ad\u0131r\u0131 So\u011fuk veya s\u0131cak hava \u015fartlar\u0131na ve Sat\u0131lan \u00e7ad\u0131r modelleri genellikle firmam\u0131z taraf\u0131ndan kiralanm\u0131\u015f r\u00fczgar gibi zorluklara kar\u015f\u0131 dayan\u0131kl\u0131 hangar \u00e7ad\u0131rlar. Hangar \u00c7ad\u0131r prefabrik Sat\u0131n al\u0131nan hayvan \u00e7ad\u0131rlar\u0131n\u0131n belli bir s\u00fcre sonra i\u015fletmenin ihtiyac\u0131n\u0131 kar\u015f\u0131layamayacak ve beton yap\u0131lara g\u00f6re \u00e7ok daha ekonomik <\/p>\n","protected":false},"featured_media":469,"template":"","meta":[],"product_brand":[],"product_cat":[15],"product_tag":[],"class_list":{"0":"post-466","1":"product","2":"type-product","3":"status-publish","4":"has-post-thumbnail","6":"product_cat-ikinci-el-esya","8":"first","9":"instock","10":"sale","11":"shipping-taxable","12":"purchasable","13":"product-type-simple"},"_links":{"self":[{"href":"https:\/\/sumerspot.com\/ikinciel\/wp-json\/wp\/v2\/product\/466","targetHints":{"allow":["GET"]}}],"collection":[{"href":"https:\/\/sumerspot.com\/ikinciel\/wp-json\/wp\/v2\/product"}],"about":[{"href":"https:\/\/sumerspot.com\/ikinciel\/wp-json\/wp\/v2\/types\/product"}],"wp:featuredmedia":[{"embeddable":true,"href":"https:\/\/sumerspot.com\/ikinciel\/wp-json\/wp\/v2\/media\/469"}],"wp:attachment":[{"href":"https:\/\/sumerspot.com\/ikinciel\/wp-json\/wp\/v2\/media?parent=466"}],"wp:term":[{"taxonomy":"product_brand","embeddable":true,"href":"https:\/\/sumerspot.com\/ikinciel\/wp-json\/wp\/v2\/product_brand?post=466"},{"taxonomy":"product_cat","embeddable":true,"href":"https:\/\/sumerspot.com\/ikinciel\/wp-json\/wp\/v2\/product_cat?post=466"},{"taxonomy":"product_tag","embeddable":true,"href":"https:\/\/sumerspot.com\/ikinciel\/wp-json\/wp\/v2\/product_tag?post=466"}],"curies":[{"name":"wp","href":"https:\/\/api.w.org\/{rel}","templated":true}]}}