{"id":474,"date":"2024-08-07T15:59:11","date_gmt":"2024-08-07T12:59:11","guid":{"rendered":"https:\/\/sumerspot.com\/ikinciel\/?post_type=product&#038;p=474"},"modified":"2024-08-07T15:59:11","modified_gmt":"2024-08-07T12:59:11","slug":"isci-ranzasi-santiye-ranzasi-personel-ranzasi-ucuz-ve-kaliteli-ranza","status":"publish","type":"product","link":"https:\/\/sumerspot.com\/ikinciel\/urun\/isci-ranzasi-santiye-ranzasi-personel-ranzasi-ucuz-ve-kaliteli-ranza\/","title":{"rendered":"\u0130\u015f\u00e7i Ranzas\u0131, \u015eantiye Ranzas\u0131, Personel Ranzas\u0131, ucuz ve kaliteli ranza"},"content":{"rendered":"<p><img loading=\"lazy\" decoding=\"async\" src=\"https:\/\/sumerspot.com\/ikinciel\/wp-content\/uploads\/2024\/08\/Isci-Ranzasi-Santiye-Ranzasi-Personel-Ranzasi-1.png\" alt=\"\" width=\"567\" height=\"631\" class=\"aligncenter size-full wp-image-475\" title=\"\" srcset=\"https:\/\/sumerspot.com\/ikinciel\/wp-content\/uploads\/2024\/08\/Isci-Ranzasi-Santiye-Ranzasi-Personel-Ranzasi-1.png 567w, https:\/\/sumerspot.com\/ikinciel\/wp-content\/uploads\/2024\/08\/Isci-Ranzasi-Santiye-Ranzasi-Personel-Ranzasi-1-270x300.png 270w\" sizes=\"auto, (max-width: 567px) 100vw, 567px\" \/><\/p>\n<p><img loading=\"lazy\" decoding=\"async\" src=\"https:\/\/sumerspot.com\/ikinciel\/wp-content\/uploads\/2024\/08\/Isci-Ranzasi-Santiye-Ranzasi-Personel-Ranzasi-2.png\" alt=\"\" width=\"828\" height=\"623\" class=\"aligncenter size-full wp-image-476\" title=\"\" srcset=\"https:\/\/sumerspot.com\/ikinciel\/wp-content\/uploads\/2024\/08\/Isci-Ranzasi-Santiye-Ranzasi-Personel-Ranzasi-2.png 828w, https:\/\/sumerspot.com\/ikinciel\/wp-content\/uploads\/2024\/08\/Isci-Ranzasi-Santiye-Ranzasi-Personel-Ranzasi-2-300x226.png 300w, https:\/\/sumerspot.com\/ikinciel\/wp-content\/uploads\/2024\/08\/Isci-Ranzasi-Santiye-Ranzasi-Personel-Ranzasi-2-768x578.png 768w, https:\/\/sumerspot.com\/ikinciel\/wp-content\/uploads\/2024\/08\/Isci-Ranzasi-Santiye-Ranzasi-Personel-Ranzasi-2-160x120.png 160w, https:\/\/sumerspot.com\/ikinciel\/wp-content\/uploads\/2024\/08\/Isci-Ranzasi-Santiye-Ranzasi-Personel-Ranzasi-2-600x451.png 600w\" sizes=\"auto, (max-width: 828px) 100vw, 828px\" \/><\/p>\n<p><img loading=\"lazy\" decoding=\"async\" src=\"https:\/\/sumerspot.com\/ikinciel\/wp-content\/uploads\/2024\/08\/Isci-Ranzasi-Santiye-Ranzasi-Personel-Ranzasi-3.png\" alt=\"\" width=\"1108\" height=\"636\" class=\"aligncenter size-full wp-image-477\" title=\"\" srcset=\"https:\/\/sumerspot.com\/ikinciel\/wp-content\/uploads\/2024\/08\/Isci-Ranzasi-Santiye-Ranzasi-Personel-Ranzasi-3.png 1108w, https:\/\/sumerspot.com\/ikinciel\/wp-content\/uploads\/2024\/08\/Isci-Ranzasi-Santiye-Ranzasi-Personel-Ranzasi-3-300x172.png 300w, https:\/\/sumerspot.com\/ikinciel\/wp-content\/uploads\/2024\/08\/Isci-Ranzasi-Santiye-Ranzasi-Personel-Ranzasi-3-1024x588.png 1024w, https:\/\/sumerspot.com\/ikinciel\/wp-content\/uploads\/2024\/08\/Isci-Ranzasi-Santiye-Ranzasi-Personel-Ranzasi-3-768x441.png 768w, https:\/\/sumerspot.com\/ikinciel\/wp-content\/uploads\/2024\/08\/Isci-Ranzasi-Santiye-Ranzasi-Personel-Ranzasi-3-600x344.png 600w\" sizes=\"auto, (max-width: 1108px) 100vw, 1108px\" \/><\/p>\n","protected":false},"excerpt":{"rendered":"<p>\u0130\u015f\u00e7i Ranzas\u0131, \u015eantiye Ranzas\u0131, Personel Ranzas\u0131, \u0130\u015f\u00e7i Ranzas\u0131, \u015eantiye Ranzas\u0131, Personel Ranzas\u0131, Askeri Ranza, Demir Ranza, Ucuz Ranza. \u0130kinci el ve s\u0131f\u0131r ranza modelleri farkl\u0131 marka se\u00e7enekleri ve uygun \u015eantiye ranza modelleri tasar\u0131mda kullan\u0131lan malzemenin t\u00fcr\u00fcne, ranzan\u0131n 2&#8217;li ya da 3&#8217;l\u00fc Y\u0131ll\u0131k 50.000 adet Yayl\u0131 Yatak &amp; 100.000 adet S\u00fcnger Yatak<\/p>\n","protected":false},"featured_media":476,"template":"","meta":[],"product_brand":[],"product_cat":[15],"product_tag":[37],"class_list":{"0":"post-474","1":"product","2":"type-product","3":"status-publish","4":"has-post-thumbnail","6":"product_cat-ikinci-el-esya","7":"product_tag-ikinci-el-ranza","9":"first","10":"instock","11":"sale","12":"shipping-taxable","13":"purchasable","14":"product-type-simple"},"_links":{"self":[{"href":"https:\/\/sumerspot.com\/ikinciel\/wp-json\/wp\/v2\/product\/474","targetHints":{"allow":["GET"]}}],"collection":[{"href":"https:\/\/sumerspot.com\/ikinciel\/wp-json\/wp\/v2\/product"}],"about":[{"href":"https:\/\/sumerspot.com\/ikinciel\/wp-json\/wp\/v2\/types\/product"}],"wp:featuredmedia":[{"embeddable":true,"href":"https:\/\/sumerspot.com\/ikinciel\/wp-json\/wp\/v2\/media\/476"}],"wp:attachment":[{"href":"https:\/\/sumerspot.com\/ikinciel\/wp-json\/wp\/v2\/media?parent=474"}],"wp:term":[{"taxonomy":"product_brand","embeddable":true,"href":"https:\/\/sumerspot.com\/ikinciel\/wp-json\/wp\/v2\/product_brand?post=474"},{"taxonomy":"product_cat","embeddable":true,"href":"https:\/\/sumerspot.com\/ikinciel\/wp-json\/wp\/v2\/product_cat?post=474"},{"taxonomy":"product_tag","embeddable":true,"href":"https:\/\/sumerspot.com\/ikinciel\/wp-json\/wp\/v2\/product_tag?post=474"}],"curies":[{"name":"wp","href":"https:\/\/api.w.org\/{rel}","templated":true}]}}