{"id":484,"date":"2024-08-20T12:44:43","date_gmt":"2024-08-20T09:44:43","guid":{"rendered":"https:\/\/sumerspot.com\/ikinciel\/?post_type=product&#038;p=484"},"modified":"2024-08-20T12:44:43","modified_gmt":"2024-08-20T09:44:43","slug":"q-bag-cikma-buyuk-ebat-cuval-q-bag-big-bag-cuval-imalati-ve-satisi","status":"publish","type":"product","link":"https:\/\/sumerspot.com\/ikinciel\/urun\/q-bag-cikma-buyuk-ebat-cuval-q-bag-big-bag-cuval-imalati-ve-satisi\/","title":{"rendered":"Q bag \u00e7\u0131kma b\u00fcy\u00fck ebat \u00e7uval Q bag Big Bag \u00c7uval \u0130malat\u0131 Ve Sat\u0131\u015f\u0131"},"content":{"rendered":"<p><img loading=\"lazy\" decoding=\"async\" src=\"https:\/\/sumerspot.com\/ikinciel\/wp-content\/uploads\/2024\/08\/Q-bag-cikma-buyuk-ebat-cuval-1.png\" alt=\"\" width=\"783\" height=\"620\" class=\"aligncenter size-full wp-image-485\" title=\"\" srcset=\"https:\/\/sumerspot.com\/ikinciel\/wp-content\/uploads\/2024\/08\/Q-bag-cikma-buyuk-ebat-cuval-1.png 783w, https:\/\/sumerspot.com\/ikinciel\/wp-content\/uploads\/2024\/08\/Q-bag-cikma-buyuk-ebat-cuval-1-300x238.png 300w, https:\/\/sumerspot.com\/ikinciel\/wp-content\/uploads\/2024\/08\/Q-bag-cikma-buyuk-ebat-cuval-1-768x608.png 768w, https:\/\/sumerspot.com\/ikinciel\/wp-content\/uploads\/2024\/08\/Q-bag-cikma-buyuk-ebat-cuval-1-600x475.png 600w\" sizes=\"auto, (max-width: 783px) 100vw, 783px\" \/><\/p>\n<p><img loading=\"lazy\" decoding=\"async\" src=\"https:\/\/sumerspot.com\/ikinciel\/wp-content\/uploads\/2024\/08\/Q-bag-cikma-buyuk-ebat-cuval-2.png\" alt=\"\" width=\"981\" height=\"628\" class=\"aligncenter size-full wp-image-486\" title=\"\" srcset=\"https:\/\/sumerspot.com\/ikinciel\/wp-content\/uploads\/2024\/08\/Q-bag-cikma-buyuk-ebat-cuval-2.png 981w, https:\/\/sumerspot.com\/ikinciel\/wp-content\/uploads\/2024\/08\/Q-bag-cikma-buyuk-ebat-cuval-2-300x192.png 300w, https:\/\/sumerspot.com\/ikinciel\/wp-content\/uploads\/2024\/08\/Q-bag-cikma-buyuk-ebat-cuval-2-768x492.png 768w, https:\/\/sumerspot.com\/ikinciel\/wp-content\/uploads\/2024\/08\/Q-bag-cikma-buyuk-ebat-cuval-2-600x384.png 600w\" sizes=\"auto, (max-width: 981px) 100vw, 981px\" \/><\/p>\n<p><img loading=\"lazy\" decoding=\"async\" src=\"https:\/\/sumerspot.com\/ikinciel\/wp-content\/uploads\/2024\/08\/Q-bag-cikma-buyuk-ebat-cuval-3.png\" alt=\"\" width=\"984\" height=\"631\" class=\"aligncenter size-full wp-image-487\" title=\"\" srcset=\"https:\/\/sumerspot.com\/ikinciel\/wp-content\/uploads\/2024\/08\/Q-bag-cikma-buyuk-ebat-cuval-3.png 984w, https:\/\/sumerspot.com\/ikinciel\/wp-content\/uploads\/2024\/08\/Q-bag-cikma-buyuk-ebat-cuval-3-300x192.png 300w, https:\/\/sumerspot.com\/ikinciel\/wp-content\/uploads\/2024\/08\/Q-bag-cikma-buyuk-ebat-cuval-3-768x492.png 768w, https:\/\/sumerspot.com\/ikinciel\/wp-content\/uploads\/2024\/08\/Q-bag-cikma-buyuk-ebat-cuval-3-600x385.png 600w\" sizes=\"auto, (max-width: 984px) 100vw, 984px\" \/><\/p>\n","protected":false},"excerpt":{"rendered":"<p>Q bag \u00e7\u0131kma b\u00fcy\u00fck ebat \u00e7uval Big Bag \u00c7uval \u0130malat\u0131 Ve Sat\u0131\u015f\u0131 Pendik Bigbag \u00c7uval B\u0130GBAG GR\u0130T \u00c7UVAL &#8211; \u00dcST A\u00c7IK ALT KAPALI &#8211; 90\/90\/120 &#8211; LAM\u0130NES\u0130Z Her \u00f6l\u00e7\u00fc ve Ebatta Bigbag imalat\u0131 ve Sat\u0131\u015f\u0131 T\u00fcrkiyenin Her yerine istedi\u011finiz \u00f6l\u00e7\u00fc ve \u00f6zellikte big bag \u00c7uval modelleri birbirinden farkl\u0131 \u00fcr\u00fcn se\u00e7enekleri ile ilan ve al\u0131\u015fveri\u015fte ilk adres<\/p>\n","protected":false},"featured_media":486,"template":"","meta":[],"product_brand":[],"product_cat":[33,15],"product_tag":[],"class_list":{"0":"post-484","1":"product","2":"type-product","3":"status-publish","4":"has-post-thumbnail","6":"product_cat-spot-defolu-esya","7":"product_cat-ikinci-el-esya","9":"first","10":"instock","11":"sale","12":"shipping-taxable","13":"purchasable","14":"product-type-simple"},"_links":{"self":[{"href":"https:\/\/sumerspot.com\/ikinciel\/wp-json\/wp\/v2\/product\/484","targetHints":{"allow":["GET"]}}],"collection":[{"href":"https:\/\/sumerspot.com\/ikinciel\/wp-json\/wp\/v2\/product"}],"about":[{"href":"https:\/\/sumerspot.com\/ikinciel\/wp-json\/wp\/v2\/types\/product"}],"wp:featuredmedia":[{"embeddable":true,"href":"https:\/\/sumerspot.com\/ikinciel\/wp-json\/wp\/v2\/media\/486"}],"wp:attachment":[{"href":"https:\/\/sumerspot.com\/ikinciel\/wp-json\/wp\/v2\/media?parent=484"}],"wp:term":[{"taxonomy":"product_brand","embeddable":true,"href":"https:\/\/sumerspot.com\/ikinciel\/wp-json\/wp\/v2\/product_brand?post=484"},{"taxonomy":"product_cat","embeddable":true,"href":"https:\/\/sumerspot.com\/ikinciel\/wp-json\/wp\/v2\/product_cat?post=484"},{"taxonomy":"product_tag","embeddable":true,"href":"https:\/\/sumerspot.com\/ikinciel\/wp-json\/wp\/v2\/product_tag?post=484"}],"curies":[{"name":"wp","href":"https:\/\/api.w.org\/{rel}","templated":true}]}}