{"id":488,"date":"2024-08-24T17:43:04","date_gmt":"2024-08-24T14:43:04","guid":{"rendered":"https:\/\/sumerspot.com\/ikinciel\/?post_type=product&#038;p=488"},"modified":"2024-08-24T17:43:04","modified_gmt":"2024-08-24T14:43:04","slug":"cikma-galvanizli-profil-100100-8080-120120-olcusunde-sifir-gibi-yeni","status":"publish","type":"product","link":"https:\/\/sumerspot.com\/ikinciel\/urun\/cikma-galvanizli-profil-100100-8080-120120-olcusunde-sifir-gibi-yeni\/","title":{"rendered":"\u00c7\u0131kma galvanizli profil 100*100 80*80 120*120 \u00f6l\u00e7\u00fcs\u00fcnde s\u0131f\u0131r gibi yeni"},"content":{"rendered":"<h3>Galvaniz profil ne demek? Galvaniz Kutu Profil DX51 1311<\/h3>\n<p>Galvaniz kutu profil, \u00e7inko kaplamas\u0131 sayesinde koruyucu bir tabaka olu\u015fturarak \u00e7elik profilin korozyona kar\u015f\u0131 dayan\u0131kl\u0131l\u0131\u011f\u0131n\u0131 art\u0131rmas\u0131d\u0131r. \u00c7inko kaplama, profilin d\u00f6rt kenar\u0131n\u0131 da kaplayarak i\u00e7 ve d\u0131\u015f y\u00fczeylerini korur ve b\u00f6ylece profilin daha uzun s\u00fcre dayanmas\u0131n\u0131 sa\u011flar.<\/p>\n<h3>Galvaniz profil kaynak tutar m\u0131?<\/h3>\n<p>Galvaniz Sac Kaynak Olur Mu? Galvaniz malzemesi, kaynak yap\u0131labilme \u00f6zelli\u011fine sahip oldu\u011fundan bir\u00e7ok farkl\u0131 kaynak y\u00f6ntemiyle kaynaklanabilir. \u00d6rt\u00fcl\u00fc elektrod, gaz alt\u0131 ve karbon kayna\u011f\u0131 y\u00f6ntemleriyle galvaniz saclara kaynak yap\u0131labilir.<\/p>\n","protected":false},"excerpt":{"rendered":"<p>\u00c7\u0131kma galvanizli profil <strong>ikinci el galvanizli profil<\/strong> 100*100 80*80 120*120 \u00f6l\u00e7\u00fcs\u00fcnde s\u0131f\u0131r gibi yeni 2024 y\u0131l\u0131 g\u00fcncel galvanizli profil fiyatlar\u0131 i\u00e7in tablodaki 100 e 100 profil fiyat\u0131 ne kadar?<br \/>\n80&#215;80 profil ne kadar? 6 metre profilin fiyat\u0131 ne kadar? verileri kullanabilirsiniz. \u0130kitelli ve \u0130stanbul<\/p>\n","protected":false},"featured_media":491,"template":"","meta":[],"product_brand":[],"product_cat":[15],"product_tag":[],"class_list":{"0":"post-488","1":"product","2":"type-product","3":"status-publish","4":"has-post-thumbnail","6":"product_cat-ikinci-el-esya","8":"first","9":"instock","10":"sale","11":"shipping-taxable","12":"purchasable","13":"product-type-simple"},"_links":{"self":[{"href":"https:\/\/sumerspot.com\/ikinciel\/wp-json\/wp\/v2\/product\/488","targetHints":{"allow":["GET"]}}],"collection":[{"href":"https:\/\/sumerspot.com\/ikinciel\/wp-json\/wp\/v2\/product"}],"about":[{"href":"https:\/\/sumerspot.com\/ikinciel\/wp-json\/wp\/v2\/types\/product"}],"wp:featuredmedia":[{"embeddable":true,"href":"https:\/\/sumerspot.com\/ikinciel\/wp-json\/wp\/v2\/media\/491"}],"wp:attachment":[{"href":"https:\/\/sumerspot.com\/ikinciel\/wp-json\/wp\/v2\/media?parent=488"}],"wp:term":[{"taxonomy":"product_brand","embeddable":true,"href":"https:\/\/sumerspot.com\/ikinciel\/wp-json\/wp\/v2\/product_brand?post=488"},{"taxonomy":"product_cat","embeddable":true,"href":"https:\/\/sumerspot.com\/ikinciel\/wp-json\/wp\/v2\/product_cat?post=488"},{"taxonomy":"product_tag","embeddable":true,"href":"https:\/\/sumerspot.com\/ikinciel\/wp-json\/wp\/v2\/product_tag?post=488"}],"curies":[{"name":"wp","href":"https:\/\/api.w.org\/{rel}","templated":true}]}}