{"id":502,"date":"2024-10-07T18:03:43","date_gmt":"2024-10-07T15:03:43","guid":{"rendered":"https:\/\/sumerspot.com\/ikinciel\/?post_type=product&#038;p=502"},"modified":"2024-10-07T18:05:54","modified_gmt":"2024-10-07T15:05:54","slug":"kullanilmis-ikea-koltuk-takimi-soderhamn-kose-koltuk-ve-puf","status":"publish","type":"product","link":"https:\/\/sumerspot.com\/ikinciel\/urun\/kullanilmis-ikea-koltuk-takimi-soderhamn-kose-koltuk-ve-puf\/","title":{"rendered":"Kullan\u0131lm\u0131\u015f ikea koltuk tak\u0131m\u0131; s\u00f6derhamn k\u00f6\u015fe koltuk ve puf"},"content":{"rendered":"<div data-hveid=\"CEIQAQ\" data-ved=\"2ahUKEwjt08CJxPyIAxUMRvEDHXp-AH4Qj7gIegQIQhAB\">\n<div class=\"dnXCYb\" tabindex=\"0\" role=\"button\" aria-controls=\"_GfcDZ63jG4yMxc8P-vyB8Ac_62\" aria-expanded=\"true\">\n<div class=\"JlqpRe\"><span class=\"JCzEY tNxQIb\"><span class=\"CSkcDe\">K\u00f6\u015fe koltuk nedir?<\/span><\/span><\/div>\n<div class=\"p8Jhnd\">\n<div class=\"aj35ze\">K\u00f6\u015fe koltuk ifadesi <b>normal koltuk tak\u0131mlar\u0131ndan farkl\u0131 olarak, k\u00f6\u015fesi bulundu\u011fu i\u00e7in bu ismi almaktad\u0131r<\/b>. K\u00f6\u015fe koltuk modellerinde iki, \u00fc\u00e7 ve hatta daha fazla k\u00f6\u015fe bulunabilmektedir.<\/div>\n<\/div>\n<\/div>\n<\/div>\n<p>L Koltuk Ve K\u00f6\u015fe Koltuk Aras\u0131ndaki Fark Nelerdir?<br \/>\nK\u00f6\u015fe koltuk ifadesi normal koltuk tak\u0131mlar\u0131ndan farkl\u0131 olarak, k\u00f6\u015fesi bulundu\u011fu i\u00e7in bu ismi almaktad\u0131r. K\u00f6\u015fe koltuk modellerinde iki, \u00fc\u00e7 ve hatta daha fazla k\u00f6\u015fe bulunabilmektedir.<\/p>\n","protected":false},"excerpt":{"rendered":"<p><strong>ikinci el s\u00f6derhamn k\u00f6\u015fe koltuk IKEA&#8217;da ka\u00e7\u0131r\u0131lmayacak<\/strong> Oturma Odas\u0131 f\u0131rsat\u0131! Y\u00fczlerce mobilya ve ev aksesuar\u0131 indirimli fiyat avantaj\u0131yla IKEA ma\u011fazalar\u0131nda ve Koltu\u011fumuzu sat\u0131n almak veya nakliye teslimat se\u00e7enekleri ile ilgili bilgi almak i\u00e7in bizimle ileti\u015fime ge\u00e7ebilirsiniz K\u00f6\u015fe koltuk al\u0131rken nelere dikkat edilmeli? <strong>K\u00f6\u015fe koltuk tak\u0131m\u0131 kullan\u0131\u015fl\u0131 m\u0131? <\/strong>K\u00f6\u015fe koltuk nedir? \u0130nternet Ma\u011fazas\u0131nda SIFIR PAKETL\u0130 k\u0131l\u0131f verilecektir.K\u0131l\u0131flar c\u0131rtl\u0131 makinada y\u0131kanabilir. \u0130lan \u00d6zellikleri.<\/p>\n","protected":false},"featured_media":503,"template":"","meta":[],"product_brand":[],"product_cat":[32],"product_tag":[],"class_list":{"0":"post-502","1":"product","2":"type-product","3":"status-publish","4":"has-post-thumbnail","6":"product_cat-ikinci-el-mobilya","8":"first","9":"instock","10":"shipping-taxable","11":"product-type-simple"},"_links":{"self":[{"href":"https:\/\/sumerspot.com\/ikinciel\/wp-json\/wp\/v2\/product\/502","targetHints":{"allow":["GET"]}}],"collection":[{"href":"https:\/\/sumerspot.com\/ikinciel\/wp-json\/wp\/v2\/product"}],"about":[{"href":"https:\/\/sumerspot.com\/ikinciel\/wp-json\/wp\/v2\/types\/product"}],"wp:featuredmedia":[{"embeddable":true,"href":"https:\/\/sumerspot.com\/ikinciel\/wp-json\/wp\/v2\/media\/503"}],"wp:attachment":[{"href":"https:\/\/sumerspot.com\/ikinciel\/wp-json\/wp\/v2\/media?parent=502"}],"wp:term":[{"taxonomy":"product_brand","embeddable":true,"href":"https:\/\/sumerspot.com\/ikinciel\/wp-json\/wp\/v2\/product_brand?post=502"},{"taxonomy":"product_cat","embeddable":true,"href":"https:\/\/sumerspot.com\/ikinciel\/wp-json\/wp\/v2\/product_cat?post=502"},{"taxonomy":"product_tag","embeddable":true,"href":"https:\/\/sumerspot.com\/ikinciel\/wp-json\/wp\/v2\/product_tag?post=502"}],"curies":[{"name":"wp","href":"https:\/\/api.w.org\/{rel}","templated":true}]}}