{"id":508,"date":"2024-10-11T15:58:21","date_gmt":"2024-10-11T12:58:21","guid":{"rendered":"https:\/\/sumerspot.com\/ikinciel\/?post_type=product&#038;p=508"},"modified":"2024-10-11T15:58:21","modified_gmt":"2024-10-11T12:58:21","slug":"2-el-satilik-i-ve-u-demirler-npi-ve-npu-cikma-agir-metaller","status":"publish","type":"product","link":"https:\/\/sumerspot.com\/ikinciel\/urun\/2-el-satilik-i-ve-u-demirler-npi-ve-npu-cikma-agir-metaller\/","title":{"rendered":"2.el sat\u0131l\u0131k I ve U Demirler NPI VE NPU \u00e7\u0131kma a\u011f\u0131r metaller"},"content":{"rendered":"<p><img loading=\"lazy\" decoding=\"async\" class=\"aligncenter size-full wp-image-510\" src=\"https:\/\/sumerspot.com\/ikinciel\/wp-content\/uploads\/2024\/10\/2.el-satilik-I-ve-U-Demirler-NPI-VE-NPU-1.png\" alt=\"\" width=\"898\" height=\"620\" title=\"\" srcset=\"https:\/\/sumerspot.com\/ikinciel\/wp-content\/uploads\/2024\/10\/2.el-satilik-I-ve-U-Demirler-NPI-VE-NPU-1.png 898w, https:\/\/sumerspot.com\/ikinciel\/wp-content\/uploads\/2024\/10\/2.el-satilik-I-ve-U-Demirler-NPI-VE-NPU-1-300x207.png 300w, https:\/\/sumerspot.com\/ikinciel\/wp-content\/uploads\/2024\/10\/2.el-satilik-I-ve-U-Demirler-NPI-VE-NPU-1-768x530.png 768w, https:\/\/sumerspot.com\/ikinciel\/wp-content\/uploads\/2024\/10\/2.el-satilik-I-ve-U-Demirler-NPI-VE-NPU-1-600x414.png 600w\" sizes=\"auto, (max-width: 898px) 100vw, 898px\" \/><\/p>\n<p><strong><a href=\"https:\/\/www.google.com\/search?q=npi+ve+npu+aras%C4%B1ndaki+fark&amp;sca_esv=0cf56f38e66c3891&amp;rlz=1C1CHZN_trTR1057TR1057&amp;ei=hCAJZ8WdAfeRxc8PlfSn0QI&amp;oq=NPI+VE+NPU+&amp;gs_lp=Egxnd3Mtd2l6LXNlcnAiC05QSSBWRSBOUFUgKgIIADIFEAAYgAQyBhAAGBYYHjIGEAAYFhgeMgYQABgWGB4yBhAAGBYYHjIIEAAYFhgeGA8yCBAAGIAEGKIEMggQABiABBiiBEiZFVAAWIQIcAB4AZABAJgBfqAB1AKqAQMwLjO4AQHIAQD4AQGYAgOgAv8CwgIIEAAYCBgeGA-YAwCSBwMwLjOgB4oN&amp;sclient=gws-wiz-serp\" target=\"_blank\" rel=\"noopener\"><span class=\"d9FyLd\" role=\"heading\" aria-level=\"3\">NPI ve NPU Aras\u0131ndaki Fark<\/span><\/a><\/strong><span class=\"hgKElc\"><strong><a href=\"https:\/\/www.google.com\/search?q=npi+ve+npu+aras%C4%B1ndaki+fark&amp;sca_esv=0cf56f38e66c3891&amp;rlz=1C1CHZN_trTR1057TR1057&amp;ei=hCAJZ8WdAfeRxc8PlfSn0QI&amp;oq=NPI+VE+NPU+&amp;gs_lp=Egxnd3Mtd2l6LXNlcnAiC05QSSBWRSBOUFUgKgIIADIFEAAYgAQyBhAAGBYYHjIGEAAYFhgeMgYQABgWGB4yBhAAGBYYHjIIEAAYFhgeGA8yCBAAGIAEGKIEMggQABiABBiiBEiZFVAAWIQIcAB4AZABAJgBfqAB1AKqAQMwLjO4AQHIAQD4AQGYAgOgAv8CwgIIEAAYCBgeGA-YAwCSBwMwLjOgB4oN&amp;sclient=gws-wiz-serp\" target=\"_blank\" rel=\"noopener\">NPI<\/a><\/strong>\u00a0demirler genellikle \u00e7ok katl\u0131 binalar\u0131 desteklemek amac\u0131yla kullan\u0131l\u0131r. \u00c7ok katl\u0131 binalar\u0131n e\u011filmeye kar\u015f\u0131 diren\u00e7 g\u00f6stermesi ve a\u011f\u0131r y\u00fcklere dayanmas\u0131n\u0131 sa\u011flar.\u00a0<b>NPU<\/b>\u00a0demir profilleri ise t\u00fcm yap\u0131sal uygulamalar, genel imalat ve tamir i\u015fleri i\u00e7in ideal.<\/span><\/p>\n","protected":false},"excerpt":{"rendered":"<p>2.el sat\u0131l\u0131k I ve U Demirler NPI VE NPU Farkl\u0131 NPI profil tekliflerini T\u00fcrkiye&#8217;nin en b\u00fcy\u00fck \u00e7elik e-ticaret sitesinde inceleyin. Npi Demir Fiyatlar\u0131, ebat ve kal\u0131nl\u0131\u011fa g\u00f6re de\u011fi\u015fmektedir. NPI &amp; NPU Demirler, I profil ve U profil olarak da bilinen \u00e7elik demirlerdir ve yap\u0131sal ta\u015f\u0131y\u0131c\u0131 <strong><a href=\"https:\/\/www.google.com\/search?sca_esv=0cf56f38e66c3891&amp;rlz=1C1CHZN_trTR1057TR1057&amp;q=NPI+Demirleri&amp;udm=2&amp;fbs=AEQNm0BKpCiw9W1hnB1w_0SNMkAbruU9iUfwVZRGvnAzM5bhRsslJlplbBhF1RveHjSSP2gZ2CjK_L6SdMfASpzbMMtiFj20mKPn-ssK57JGGf6JVp3fzgS00H30ZwpuymDqY9Zs6c7pKPA91svZlOazGCAfoDni1UXH5JtDWYR7k4j3LfNpaXbeqyghbEw-UDGMPOrYvP3afl0uNWBgSHxQLO8DWiOffgrbI0Gd7PB2ZbUX7beSo5Q&amp;sa=X&amp;ved=2ahUKEwjMl87QsIaJAxWTcvEDHY4SGRsQtKgLegQIERAB&amp;biw=1366&amp;bih=641&amp;dpr=1\">NPI Demirleri<\/a><\/strong>, demir cevherinden T\u00fcrkiye&#8217;nin d\u00f6rt bir yan\u0131ndaki NPI demiri NPU Demirler hem yatay hem de dikey se\u00e7enekleri ile projenize en uygun \u015fekilde imal \u0130n\u015faat \u00dcr\u00fcnleri s\u0131f\u0131r, ikinci el fiyat se\u00e7enekleriyle ilan ve online al\u0131\u015fveri\u015fte ilk adres Satlik NPI NPU. 260 l\u0131k Boy 6 metre d\u00fczg\u00fcn temiz mazeme<\/p>\n","protected":false},"featured_media":509,"template":"","meta":[],"product_brand":[],"product_cat":[15],"product_tag":[],"class_list":{"0":"post-508","1":"product","2":"type-product","3":"status-publish","4":"has-post-thumbnail","6":"product_cat-ikinci-el-esya","8":"first","9":"instock","10":"sale","11":"shipping-taxable","12":"purchasable","13":"product-type-simple"},"_links":{"self":[{"href":"https:\/\/sumerspot.com\/ikinciel\/wp-json\/wp\/v2\/product\/508","targetHints":{"allow":["GET"]}}],"collection":[{"href":"https:\/\/sumerspot.com\/ikinciel\/wp-json\/wp\/v2\/product"}],"about":[{"href":"https:\/\/sumerspot.com\/ikinciel\/wp-json\/wp\/v2\/types\/product"}],"wp:featuredmedia":[{"embeddable":true,"href":"https:\/\/sumerspot.com\/ikinciel\/wp-json\/wp\/v2\/media\/509"}],"wp:attachment":[{"href":"https:\/\/sumerspot.com\/ikinciel\/wp-json\/wp\/v2\/media?parent=508"}],"wp:term":[{"taxonomy":"product_brand","embeddable":true,"href":"https:\/\/sumerspot.com\/ikinciel\/wp-json\/wp\/v2\/product_brand?post=508"},{"taxonomy":"product_cat","embeddable":true,"href":"https:\/\/sumerspot.com\/ikinciel\/wp-json\/wp\/v2\/product_cat?post=508"},{"taxonomy":"product_tag","embeddable":true,"href":"https:\/\/sumerspot.com\/ikinciel\/wp-json\/wp\/v2\/product_tag?post=508"}],"curies":[{"name":"wp","href":"https:\/\/api.w.org\/{rel}","templated":true}]}}