{"id":512,"date":"2024-10-16T09:13:10","date_gmt":"2024-10-16T06:13:10","guid":{"rendered":"https:\/\/sumerspot.com\/ikinciel\/?post_type=product&#038;p=512"},"modified":"2024-10-16T09:13:10","modified_gmt":"2024-10-16T06:13:10","slug":"makasli-montaj-platformu-9-metre-yuksekligi-var-kendinden-yuruyus-ozellikli","status":"publish","type":"product","link":"https:\/\/sumerspot.com\/ikinciel\/urun\/makasli-montaj-platformu-9-metre-yuksekligi-var-kendinden-yuruyus-ozellikli\/","title":{"rendered":"Makasl\u0131 montaj platformu 9 metre y\u00fcksekli\u011fi var kendinden y\u00fcr\u00fcy\u00fc\u015f \u00f6zellikli"},"content":{"rendered":"<p><img loading=\"lazy\" decoding=\"async\" class=\"aligncenter size-full wp-image-514\" src=\"https:\/\/sumerspot.com\/ikinciel\/wp-content\/uploads\/2024\/10\/Makasli-montaj-platformu-9-metre-yuksek-2.png\" alt=\"\" width=\"791\" height=\"631\" title=\"\" srcset=\"https:\/\/sumerspot.com\/ikinciel\/wp-content\/uploads\/2024\/10\/Makasli-montaj-platformu-9-metre-yuksek-2.png 791w, https:\/\/sumerspot.com\/ikinciel\/wp-content\/uploads\/2024\/10\/Makasli-montaj-platformu-9-metre-yuksek-2-300x239.png 300w, https:\/\/sumerspot.com\/ikinciel\/wp-content\/uploads\/2024\/10\/Makasli-montaj-platformu-9-metre-yuksek-2-768x613.png 768w, https:\/\/sumerspot.com\/ikinciel\/wp-content\/uploads\/2024\/10\/Makasli-montaj-platformu-9-metre-yuksek-2-600x479.png 600w\" sizes=\"auto, (max-width: 791px) 100vw, 791px\" \/><\/p>\n","protected":false},"excerpt":{"rendered":"<p><strong>ikinci el Makasl\u0131 montaj platformu<\/strong> 9 metre y\u00fcksek Gebze \u0130stanbul Kocaeli \u0130zmit Bursa Yalova Sakarya D\u00fczce Manlift Kiralama SIFIR FA\u0130Z ALFA MAKASLI PLATFORM 8 METRE DAR \u015eASE. 30 fit (9 metre) \u00e7ekilebilir makasl\u0131 kald\u0131rma tasar\u0131m avantajlar\u0131: Kald\u0131rma mekanizmas\u0131, y\u00fcksek ALFA AK\u00dcL\u00dc MAKASLI PLATFORM 16 METRE i\u00e7in t\u0131klay\u0131n\u0131z. <strong>ikinci el Makasl\u0131 montaj platformu<\/strong> Sepetli Vin\u00e7 Teleskopik Platform <strong><a href=\"https:\/\/en.wikipedia.org\/wiki\/Belt_manlift\">Manlift<\/a><\/strong> ve Makasl\u0131 Platform Kiralama Ak\u00fcl\u00fc Makasl\u0131 platformlar\u0131n sistemi hidrolik ve elektirik y\u00fcr\u00fcy\u00fc\u015fl\u00fc olarak ikiye ayr\u0131l\u0131r. Ak\u00fcl\u00fc \u0130htiyac\u0131n\u0131za en uygun personel y\u00fckseltici Eklemli Platform \u00d6r\u00fcmcekli Vin\u00e7 Platform<\/p>\n","protected":false},"featured_media":514,"template":"","meta":[],"product_brand":[],"product_cat":[15],"product_tag":[],"class_list":{"0":"post-512","1":"product","2":"type-product","3":"status-publish","4":"has-post-thumbnail","6":"product_cat-ikinci-el-esya","8":"first","9":"instock","10":"sale","11":"shipping-taxable","12":"purchasable","13":"product-type-simple"},"_links":{"self":[{"href":"https:\/\/sumerspot.com\/ikinciel\/wp-json\/wp\/v2\/product\/512","targetHints":{"allow":["GET"]}}],"collection":[{"href":"https:\/\/sumerspot.com\/ikinciel\/wp-json\/wp\/v2\/product"}],"about":[{"href":"https:\/\/sumerspot.com\/ikinciel\/wp-json\/wp\/v2\/types\/product"}],"wp:featuredmedia":[{"embeddable":true,"href":"https:\/\/sumerspot.com\/ikinciel\/wp-json\/wp\/v2\/media\/514"}],"wp:attachment":[{"href":"https:\/\/sumerspot.com\/ikinciel\/wp-json\/wp\/v2\/media?parent=512"}],"wp:term":[{"taxonomy":"product_brand","embeddable":true,"href":"https:\/\/sumerspot.com\/ikinciel\/wp-json\/wp\/v2\/product_brand?post=512"},{"taxonomy":"product_cat","embeddable":true,"href":"https:\/\/sumerspot.com\/ikinciel\/wp-json\/wp\/v2\/product_cat?post=512"},{"taxonomy":"product_tag","embeddable":true,"href":"https:\/\/sumerspot.com\/ikinciel\/wp-json\/wp\/v2\/product_tag?post=512"}],"curies":[{"name":"wp","href":"https:\/\/api.w.org\/{rel}","templated":true}]}}