{"id":517,"date":"2024-10-20T16:13:52","date_gmt":"2024-10-20T13:13:52","guid":{"rendered":"https:\/\/sumerspot.com\/ikinciel\/?post_type=product&#038;p=517"},"modified":"2024-10-20T16:13:52","modified_gmt":"2024-10-20T13:13:52","slug":"spot-is-eldiveni-istoc-perpa-toptan-spot-is-eldiveni-ucuz-fiyat","status":"publish","type":"product","link":"https:\/\/sumerspot.com\/ikinciel\/urun\/spot-is-eldiveni-istoc-perpa-toptan-spot-is-eldiveni-ucuz-fiyat\/","title":{"rendered":"Spot i\u015f eldiveni isto\u00e7 perpa toptan spot i\u015f eldiveni ucuz fiyat"},"content":{"rendered":"<p><img loading=\"lazy\" decoding=\"async\" class=\"aligncenter size-full wp-image-519\" src=\"https:\/\/sumerspot.com\/ikinciel\/wp-content\/uploads\/2024\/10\/toptan-spot-is-eldiveni-ucuz-fiyat-1.png\" alt=\"\" width=\"695\" height=\"631\" title=\"\" srcset=\"https:\/\/sumerspot.com\/ikinciel\/wp-content\/uploads\/2024\/10\/toptan-spot-is-eldiveni-ucuz-fiyat-1.png 695w, https:\/\/sumerspot.com\/ikinciel\/wp-content\/uploads\/2024\/10\/toptan-spot-is-eldiveni-ucuz-fiyat-1-300x272.png 300w, https:\/\/sumerspot.com\/ikinciel\/wp-content\/uploads\/2024\/10\/toptan-spot-is-eldiveni-ucuz-fiyat-1-600x545.png 600w\" sizes=\"auto, (max-width: 695px) 100vw, 695px\" \/><\/p>\n","protected":false},"excerpt":{"rendered":"<p>toptan spot i\u015f eldiveni ucuz fiyat i\u015f eldivenleri <strong>spot i\u015f eldiveni toptan<\/strong> adrese teslim adet fiyat\u0131 29 TL (50 adet) #1205300464. \u0130\u015f eldivenleri toptan adrese teslim adet fiyat\u0131 Temizlik Eldiveni \u00c7e\u015fitleri *TOPTAN \u0130\u015e ELDIVENI SATI\u015eLARIMIZ BA\u015eLAMI\u015eTIR. TAMAMEN KENDI Fiyatlar\u0131 \u0130\u015f eldiveni toptan sat\u0131\u015flar\u0131 kullan\u0131c\u0131lar ve ticari faaliyette bulunanlar i\u00e7in b\u00fcy\u00fck avantajd\u0131r. \u0130\u015f eldivenleri her \u00e7e\u015fit sat\u0131l\u0131k toptan eldiven. 599 TL. Ankara, Mamak ; TOPTAN KOL\u0130 S\u0130YAH ELD\u0130VEN SATI\u015e. 8.000 TL<\/p>\n","protected":false},"featured_media":518,"template":"","meta":[],"product_brand":[],"product_cat":[33],"product_tag":[],"class_list":{"0":"post-517","1":"product","2":"type-product","3":"status-publish","4":"has-post-thumbnail","6":"product_cat-spot-defolu-esya","8":"first","9":"instock","10":"sale","11":"shipping-taxable","12":"purchasable","13":"product-type-simple"},"_links":{"self":[{"href":"https:\/\/sumerspot.com\/ikinciel\/wp-json\/wp\/v2\/product\/517","targetHints":{"allow":["GET"]}}],"collection":[{"href":"https:\/\/sumerspot.com\/ikinciel\/wp-json\/wp\/v2\/product"}],"about":[{"href":"https:\/\/sumerspot.com\/ikinciel\/wp-json\/wp\/v2\/types\/product"}],"wp:featuredmedia":[{"embeddable":true,"href":"https:\/\/sumerspot.com\/ikinciel\/wp-json\/wp\/v2\/media\/518"}],"wp:attachment":[{"href":"https:\/\/sumerspot.com\/ikinciel\/wp-json\/wp\/v2\/media?parent=517"}],"wp:term":[{"taxonomy":"product_brand","embeddable":true,"href":"https:\/\/sumerspot.com\/ikinciel\/wp-json\/wp\/v2\/product_brand?post=517"},{"taxonomy":"product_cat","embeddable":true,"href":"https:\/\/sumerspot.com\/ikinciel\/wp-json\/wp\/v2\/product_cat?post=517"},{"taxonomy":"product_tag","embeddable":true,"href":"https:\/\/sumerspot.com\/ikinciel\/wp-json\/wp\/v2\/product_tag?post=517"}],"curies":[{"name":"wp","href":"https:\/\/api.w.org\/{rel}","templated":true}]}}