{"id":525,"date":"2025-01-14T09:06:22","date_gmt":"2025-01-14T06:06:22","guid":{"rendered":"https:\/\/sumerspot.com\/ikinciel\/?post_type=product&#038;p=525"},"modified":"2025-01-14T09:06:22","modified_gmt":"2025-01-14T06:06:22","slug":"spot-ranza-ikea-saglam-ucuz-kaliteli-ikea-ranzalar","status":"publish","type":"product","link":"https:\/\/sumerspot.com\/ikinciel\/urun\/spot-ranza-ikea-saglam-ucuz-kaliteli-ikea-ranzalar\/","title":{"rendered":"Spot ranza ikea sa\u011flam ucuz kaliteli ikea ranzalar"},"content":{"rendered":"<p><img loading=\"lazy\" decoding=\"async\" class=\"aligncenter size-full wp-image-528\" src=\"https:\/\/sumerspot.com\/ikinciel\/wp-content\/uploads\/2025\/01\/spot-ranza-ikea-2.png\" alt=\"\" width=\"836\" height=\"531\" title=\"\" srcset=\"https:\/\/sumerspot.com\/ikinciel\/wp-content\/uploads\/2025\/01\/spot-ranza-ikea-2.png 836w, https:\/\/sumerspot.com\/ikinciel\/wp-content\/uploads\/2025\/01\/spot-ranza-ikea-2-300x191.png 300w, https:\/\/sumerspot.com\/ikinciel\/wp-content\/uploads\/2025\/01\/spot-ranza-ikea-2-768x488.png 768w, https:\/\/sumerspot.com\/ikinciel\/wp-content\/uploads\/2025\/01\/spot-ranza-ikea-2-600x381.png 600w\" sizes=\"auto, (max-width: 836px) 100vw, 836px\" \/><\/p>\n","protected":false},"excerpt":{"rendered":"<p>spot ranza ikea K\u00fc\u00e7\u00fck metrekareli alanlara fonksiyonel \u00c7ocuk ve Bu tek katl\u0131 ranza ile \u00e7ocu\u011funuzun odas\u0131nda \u00e7al\u0131\u015fma masas\u0131, gard\u0131rop ve a\u00e7\u0131k raf \u00fcnitesi de dahil olmak \u00fczere komple bir \u00e7\u00f6z\u00fcm yaratm\u0131\u015f olursunuz gen\u00e7 odalar\u0131 i\u00e7in ideal \u00e7\u00f6z\u00fcm: Fonksiyonel ve <strong><a href=\"https:\/\/sumerspot.com\/ikinciel\/urun-etiketi\/ikinci-el-ranza\/\">ikinci el ranza<\/a><\/strong> \u015f\u0131k spot ranza modelleri \u00e7\u00f6z\u00fcmler sunan ranza tasar\u0131mlar\u0131<\/p>\n","protected":false},"featured_media":527,"template":"","meta":[],"product_brand":[],"product_cat":[32],"product_tag":[37],"class_list":{"0":"post-525","1":"product","2":"type-product","3":"status-publish","4":"has-post-thumbnail","6":"product_cat-ikinci-el-mobilya","7":"product_tag-ikinci-el-ranza","9":"first","10":"instock","11":"sale","12":"shipping-taxable","13":"purchasable","14":"product-type-simple"},"_links":{"self":[{"href":"https:\/\/sumerspot.com\/ikinciel\/wp-json\/wp\/v2\/product\/525","targetHints":{"allow":["GET"]}}],"collection":[{"href":"https:\/\/sumerspot.com\/ikinciel\/wp-json\/wp\/v2\/product"}],"about":[{"href":"https:\/\/sumerspot.com\/ikinciel\/wp-json\/wp\/v2\/types\/product"}],"wp:featuredmedia":[{"embeddable":true,"href":"https:\/\/sumerspot.com\/ikinciel\/wp-json\/wp\/v2\/media\/527"}],"wp:attachment":[{"href":"https:\/\/sumerspot.com\/ikinciel\/wp-json\/wp\/v2\/media?parent=525"}],"wp:term":[{"taxonomy":"product_brand","embeddable":true,"href":"https:\/\/sumerspot.com\/ikinciel\/wp-json\/wp\/v2\/product_brand?post=525"},{"taxonomy":"product_cat","embeddable":true,"href":"https:\/\/sumerspot.com\/ikinciel\/wp-json\/wp\/v2\/product_cat?post=525"},{"taxonomy":"product_tag","embeddable":true,"href":"https:\/\/sumerspot.com\/ikinciel\/wp-json\/wp\/v2\/product_tag?post=525"}],"curies":[{"name":"wp","href":"https:\/\/api.w.org\/{rel}","templated":true}]}}