{"id":548,"date":"2025-11-09T20:36:18","date_gmt":"2025-11-09T17:36:18","guid":{"rendered":"https:\/\/sumerspot.com\/ikinciel\/?post_type=product&#038;p=548"},"modified":"2025-11-09T20:36:18","modified_gmt":"2025-11-09T17:36:18","slug":"ikinci-el-cikma-1000-lik-boru-demir-boru","status":"publish","type":"product","link":"https:\/\/sumerspot.com\/ikinciel\/urun\/ikinci-el-cikma-1000-lik-boru-demir-boru\/","title":{"rendered":"ikinci el \u00e7\u0131kma 1000 L\u0130K BORU demir boru"},"content":{"rendered":"<p>100 l\u00fck Demir Boru Fiyatlar\u0131<br \/>\n90 l\u0131k Demir boru Fiyatlar\u0131<br \/>\n2. EL demir boru Fiyatlar\u0131 Ankara<br \/>\nDemir boru Fiyatlar\u0131 sahibinden<br \/>\nYuvarlak Demir Boru Fiyatlar\u0131<br \/>\nGalvaniz Boru Fiyatlar\u0131 6 metre<br \/>\n6 metre demir boru ka\u00e7 kg<\/p>\n","protected":false},"excerpt":{"rendered":"<p>ikinci el \u00e7\u0131kma 1000 L\u0130K BORU demir boru lan A\u00e7\u0131klamas\u0131. Fiyat galvaniz borular i\u00e7in kg fiyat\u0131d\u0131r ve son fiyatt\u0131r. Galvaniz olmayan borular\u0131n kilo fiyat\u0131 ise 28TL\/kg&#8217;dir. Nakliye al\u0131c\u0131ya aittir. \u0130K\u0130NC\u0130 EL \u00c7IKMA SP\u0130RAL BORU HER EBATTA MEVCUTTUR. G\u00fc\u00e7l\u00fc stok ve imalat \u00e7\u00f6z\u00fcmleri ile hizmetinizdeyiz. T\u00fcrkiye&#8217;nin her yerine ara\u00e7 \u00fczeri<\/p>\n","protected":false},"featured_media":551,"template":"","meta":[],"product_brand":[],"product_cat":[31,15],"product_tag":[],"class_list":{"0":"post-548","1":"product","2":"type-product","3":"status-publish","4":"has-post-thumbnail","6":"product_cat-ikinci-el-is-makineleri","7":"product_cat-ikinci-el-esya","9":"first","10":"instock","11":"sale","12":"shipping-taxable","13":"purchasable","14":"product-type-simple"},"_links":{"self":[{"href":"https:\/\/sumerspot.com\/ikinciel\/wp-json\/wp\/v2\/product\/548","targetHints":{"allow":["GET"]}}],"collection":[{"href":"https:\/\/sumerspot.com\/ikinciel\/wp-json\/wp\/v2\/product"}],"about":[{"href":"https:\/\/sumerspot.com\/ikinciel\/wp-json\/wp\/v2\/types\/product"}],"wp:featuredmedia":[{"embeddable":true,"href":"https:\/\/sumerspot.com\/ikinciel\/wp-json\/wp\/v2\/media\/551"}],"wp:attachment":[{"href":"https:\/\/sumerspot.com\/ikinciel\/wp-json\/wp\/v2\/media?parent=548"}],"wp:term":[{"taxonomy":"product_brand","embeddable":true,"href":"https:\/\/sumerspot.com\/ikinciel\/wp-json\/wp\/v2\/product_brand?post=548"},{"taxonomy":"product_cat","embeddable":true,"href":"https:\/\/sumerspot.com\/ikinciel\/wp-json\/wp\/v2\/product_cat?post=548"},{"taxonomy":"product_tag","embeddable":true,"href":"https:\/\/sumerspot.com\/ikinciel\/wp-json\/wp\/v2\/product_tag?post=548"}],"curies":[{"name":"wp","href":"https:\/\/api.w.org\/{rel}","templated":true}]}}