{"id":553,"date":"2025-12-09T11:30:16","date_gmt":"2025-12-09T08:30:16","guid":{"rendered":"https:\/\/sumerspot.com\/ikinciel\/?post_type=product&#038;p=553"},"modified":"2025-12-09T11:30:16","modified_gmt":"2025-12-09T08:30:16","slug":"2-el-lcd-ekranli-kizilotesi-duvar-tarayici-dedektor-sifir","status":"publish","type":"product","link":"https:\/\/sumerspot.com\/ikinciel\/urun\/2-el-lcd-ekranli-kizilotesi-duvar-tarayici-dedektor-sifir\/","title":{"rendered":"2.el LCD Ekranl\u0131 K\u0131z\u0131l\u00f6tesi Duvar Taray\u0131c\u0131 Dedekt\u00f6r S\u0131f\u0131r"},"content":{"rendered":"<p><img loading=\"lazy\" decoding=\"async\" src=\"https:\/\/sumerspot.com\/ikinciel\/wp-content\/uploads\/2025\/12\/2.el-LCD-Ekranli-Kizilotesi-Duvar-Tarayici-Dedektor-Sifir-3.png\" alt=\"\" width=\"1085\" height=\"925\" class=\"aligncenter size-full wp-image-557\" title=\"\" srcset=\"https:\/\/sumerspot.com\/ikinciel\/wp-content\/uploads\/2025\/12\/2.el-LCD-Ekranli-Kizilotesi-Duvar-Tarayici-Dedektor-Sifir-3.png 1085w, https:\/\/sumerspot.com\/ikinciel\/wp-content\/uploads\/2025\/12\/2.el-LCD-Ekranli-Kizilotesi-Duvar-Tarayici-Dedektor-Sifir-3-300x256.png 300w, https:\/\/sumerspot.com\/ikinciel\/wp-content\/uploads\/2025\/12\/2.el-LCD-Ekranli-Kizilotesi-Duvar-Tarayici-Dedektor-Sifir-3-1024x873.png 1024w, https:\/\/sumerspot.com\/ikinciel\/wp-content\/uploads\/2025\/12\/2.el-LCD-Ekranli-Kizilotesi-Duvar-Tarayici-Dedektor-Sifir-3-768x655.png 768w, https:\/\/sumerspot.com\/ikinciel\/wp-content\/uploads\/2025\/12\/2.el-LCD-Ekranli-Kizilotesi-Duvar-Tarayici-Dedektor-Sifir-3-600x512.png 600w\" sizes=\"auto, (max-width: 1085px) 100vw, 1085px\" \/><\/p>\n","protected":false},"excerpt":{"rendered":"<p>Sayfam\u0131zdaki t\u00fcm \u00fcr\u00fcnlerimiz yurtd\u0131\u015f\u0131ndan gelmektedir ve s\u0131f\u0131r kapal\u0131 jelatinli kutular\u0131nda sat\u0131\u015flar\u0131n\u0131 yapmaktay\u0131z. Elektronik, deri \u00e7anta, h\u0131rdavat vb. t\u00fcm kategorilerdeki \u00fcr\u00fcnlerimizi sayfam\u0131zdan inceleyebilirsiniz. S\u0131f\u0131r, kapal\u0131 fabrikasyon kutusunda! ? SON 4 ADET! \u2705 5&#8217;i 1 Arada Fonksiyon: 1\/2&#8243;, 1&#8243; (25 mm), 1,5&#8243; (38 mm) derinlikte ah\u015fap bulma; metal tarama (60 mm) ve AC elektrik kablolar\u0131 alg\u0131lama (51 mm).<\/p>\n<p>\u2705 Geli\u015fmi\u015f Sens\u00f6r Teknolojisi: Duvar\u0131n arkas\u0131ndaki yo\u011funluk de\u011fi\u015fikliklerini alg\u0131lar, c\u0131vata ve kablo konumunu y\u00fcksek hassasiyetle tespit eder.<\/p>\n<p>\u2705 Kablo Koruma G\u00f6stergesi: Derin taramalarda bile kablo delinmelerine kar\u015f\u0131 g\u00fcvenli kullan\u0131m sa\u011flar.<\/p>\n<p>\u2705 LCD Ekran ve Sesli Uyar\u0131: Metal, ah\u015fap ve kablo alg\u0131land\u0131\u011f\u0131nda ekran ve ses ile uyar\u0131 verir. Kullan\u0131m\u0131 son derece kolay ve h\u0131zl\u0131.<\/p>\n<p>\u2705 Hafif ve Ergonomik Tasar\u0131m: Elde rahat kullan\u0131m i\u00e7in hafif ve kompakt yap\u0131. Metal, ah\u015fap, elektrik kablosu bulmak art\u0131k \u00e7ok daha g\u00fcvenli ve kolay! ?<\/p>\n","protected":false},"featured_media":554,"template":"","meta":[],"product_brand":[],"product_cat":[15],"product_tag":[],"class_list":{"0":"post-553","1":"product","2":"type-product","3":"status-publish","4":"has-post-thumbnail","6":"product_cat-ikinci-el-esya","8":"first","9":"instock","10":"sale","11":"shipping-taxable","12":"purchasable","13":"product-type-simple"},"_links":{"self":[{"href":"https:\/\/sumerspot.com\/ikinciel\/wp-json\/wp\/v2\/product\/553","targetHints":{"allow":["GET"]}}],"collection":[{"href":"https:\/\/sumerspot.com\/ikinciel\/wp-json\/wp\/v2\/product"}],"about":[{"href":"https:\/\/sumerspot.com\/ikinciel\/wp-json\/wp\/v2\/types\/product"}],"wp:featuredmedia":[{"embeddable":true,"href":"https:\/\/sumerspot.com\/ikinciel\/wp-json\/wp\/v2\/media\/554"}],"wp:attachment":[{"href":"https:\/\/sumerspot.com\/ikinciel\/wp-json\/wp\/v2\/media?parent=553"}],"wp:term":[{"taxonomy":"product_brand","embeddable":true,"href":"https:\/\/sumerspot.com\/ikinciel\/wp-json\/wp\/v2\/product_brand?post=553"},{"taxonomy":"product_cat","embeddable":true,"href":"https:\/\/sumerspot.com\/ikinciel\/wp-json\/wp\/v2\/product_cat?post=553"},{"taxonomy":"product_tag","embeddable":true,"href":"https:\/\/sumerspot.com\/ikinciel\/wp-json\/wp\/v2\/product_tag?post=553"}],"curies":[{"name":"wp","href":"https:\/\/api.w.org\/{rel}","templated":true}]}}